{"id":942,"date":"2017-06-28T06:34:17","date_gmt":"2017-06-28T10:34:17","guid":{"rendered":"https:\/\/softflow.ca\/mission-and-values\/"},"modified":"2023-03-20T15:19:48","modified_gmt":"2023-03-20T19:19:48","slug":"notre-mission","status":"publish","type":"page","link":"https:\/\/softflow.ca\/fr\/notre-mission\/","title":{"rendered":"NOTRE MISSION"},"content":{"rendered":"<div class=\"wpb-content-wrapper\"><p><img decoding=\"async\" loading=\"lazy\" class=\"aligncenter size-full wp-image-2393\" src=\"https:\/\/softflow.ca\/wp-content\/uploads\/2022\/06\/2a53651a35816f499270d8275fd5318f.gif\" alt=\"\" width=\"1780\" height=\"400\" \/>[vc_row dfd_row_config=&#8221;full_width_content_paddings&#8221; dfd_row_responsive_enable=&#8221;dfd-row-responsive-enable&#8221; dfd_bg_style=&#8221;image&#8221; dfd_parallax_style=&#8221;dfd_animated_bg&#8221; dfd_bg_image_new=&#8221;152&#8243; dfd_bg_image_size=&#8221;initial&#8221; dfd_parallax_sense=&#8221;50&#8243; dfd_enable_overlay=&#8221;&#8221; css=&#8221;.vc_custom_1506995163520{padding-right: 8% !important;padding-left: 8% !important;background-position: 0 0 !important;background-image: url(https:\/\/softflow.ca\/wp-content\/uploads\/2022\/06\/abstract-technology-white-gray-color-modern-background_41981-1010.jpg) !important;}&#8221; dfd_bg_image_new_responsive=&#8221;152&#8243;][vc_column el_class=&#8221;dfd_col-tablet-12&#8243; offset=&#8221;vc_col-lg-12 vc_col-md-12 vc_col-xs-12&#8243;]<div class=\"dfd-spacer-module\"  data-units=\"px\" data-wide_resolution=\"1280\" data-wide_size=\"75\" data-normal_resolution=\"1024\" data-normal_size=\"75\" data-tablet_resolution=\"800\" data-tablet_size=\"70\" data-mobile_resolution=\"480\" data-mobile_size=\"70\" style=\"height: 75px;\"><\/div><div id=\"dfd-single-image-module69e9195cd5312-5174\" class=\"dfd-single-image-module  image-center  dfd-img-lazy-load\" ><img loading=\"lazy\" decoding=\"async\" src=\"data:image\/svg+xml;charset=utf-8,%3Csvg xmlns%3D'http%3A%2F%2Fwww.w3.org%2F2000%2Fsvg' viewBox%3D'0 0 300 40'%2F%3E\" data-src=\"https:\/\/softflow.ca\/wp-content\/uploads\/2017\/09\/softflowweb.png\" width=\"300\" height=\"40\"  alt=\"SoftFlow logo with squares\" \/><\/div><div class=\"dfd-spacer-module\"  data-units=\"px\" data-wide_resolution=\"1280\" data-wide_size=\"50\" data-normal_resolution=\"1024\" data-normal_size=\"50\" data-tablet_resolution=\"800\" data-tablet_size=\"45\" data-mobile_resolution=\"480\" data-mobile_size=\"45\" style=\"height: 50px;\"><\/div>[vc_column_text]<\/p>\n<h2 style=\"text-align: center;\"><strong><span style=\"color: #19a4c6;\"><span style=\"color: #000000;\"><span style=\"color: #19a4c6;\">COMPAGNIE<\/span><\/span><span style=\"color: #000000;\"> INFORMATIQUE DEPUIS <\/span><\/span><\/strong><strong><span style=\"color: #19a4c6;\"><span style=\"color: #000000;\"><span style=\"color: #19a4c6;\">1987<\/span><\/span><\/span><\/strong><\/h2>\n<p>&nbsp;<\/p>\n<p><img decoding=\"async\" loading=\"lazy\" class=\"size-full wp-image-3267 aligncenter\" src=\"https:\/\/softflow.ca\/wp-content\/uploads\/2022\/07\/35-year-seal-400x289-1.png\" alt=\"\" width=\"400\" height=\"289\" srcset=\"https:\/\/softflow.ca\/wp-content\/uploads\/2022\/07\/35-year-seal-400x289-1.png 400w, https:\/\/softflow.ca\/wp-content\/uploads\/2022\/07\/35-year-seal-400x289-1-300x217.png 300w\" sizes=\"auto, (max-width: 400px) 100vw, 400px\" \/><\/p>\n<p>&nbsp;<\/p>\n<p style=\"text-align: center;\"><span style=\"font-size: 16.0pt;\"><strong>Depuis 1987<\/strong>, SoftFlow s\u2019est rapidement d\u00e9marqu\u00e9 comme \u00e9tant un expert en cybers\u00e9curit\u00e9 et un important fournisseur de service informatique, c\u00e2blage r\u00e9seau structur\u00e9 et de soutien en TI aux entreprises \u00e0 travers le monde. <\/span><\/p>\n<p style=\"text-align: center;\"><span style=\"font-size: 16.0pt;\">SoftFlow est une compagnie informatique bas\u00e9e \u00e0 <strong>Montr\u00e9al Qu\u00e9bec<\/strong> qui est en pleine croissance et poss\u00e8de actuellement une tr\u00e8s grande \u00e9quipe de techniciens informatiques, c\u00e2bleurs et sp\u00e9cialistes r\u00e9seaux certifi\u00e9s <strong>Microsoft<\/strong>, Linux et Cisco pour tout besoins informatiques et de services en TI.<\/span><\/p>\n<p style=\"text-align: center;\"><span style=\"font-size: 16.0pt;\">Au cours des derni\u00e8res ann\u00e9es, l&#8217;entreprise a gagn\u00e9 la confiance de plusieurs entreprises ayant adopt\u00e9s leurs solutions en <strong>cyber s\u00e9curit\u00e9<\/strong> et gestion informatique et se distingue surtout par le souci continuel d\u2019assurer un bon <strong>service TI<\/strong> et d\u2019assurer la satisfaction compl\u00e8te de sa client\u00e8le en offrant des services informatiques qui r\u00e9pondent aux besoins exprim\u00e9s tout en assurant un soutien et un support fiable, efficace et unique <strong>\u00e0 l&#8217;ann\u00e9e longue ( 24\/7 )<\/strong>.<\/span><\/p>\n<p style=\"text-align: center;\"><span style=\"font-size: 16.0pt;\">SoftFlow offre un \u00e9ventail de services TI g\u00e9r\u00e9s par des professionnels uniques en int\u00e9gration, d\u00e9pannage, installation, consultation, formation, et support technique. Ceci inclus un service et support informatique sur place ou \u00e0 distance <strong>24\/7<\/strong> pour <strong>tous les jours de l&#8217;ann\u00e9e<\/strong> sans exception.<\/span><\/p>\n<p>[\/vc_column_text]<div class=\"dfd-spacer-module\"  data-units=\"px\" data-wide_resolution=\"1280\" data-wide_size=\"75\" data-normal_resolution=\"1024\" data-normal_size=\"75\" data-tablet_resolution=\"800\" data-tablet_size=\"70\" data-mobile_resolution=\"480\" data-mobile_size=\"70\" style=\"height: 75px;\"><\/div>[vc_row_inner][vc_column_inner width=&#8221;1\/3&#8243;]<div id=\"idinfobox69e9195cd5420\" class=\"dfd-info-box clearfix style-03 layout-04  idinfobox69e9195cd5420\" ><div class=\"dfd-animate-container\"><div class=\"icon-wrapper\"><div class=\"module-icon\" style=\"border-radius:2px;border-width: 1px;font-size:80px;\"><div class=\"hover-layer\" ><\/div><i class=\"featured-icon dfd-icon-eye2\" style=\"font-size:35px; color:#19a4c6; opacity:1;\" ><\/i><\/div><\/div><div class=\"content-wrap ovh\"><div class=\"info-box-title feature-title\" style=\"\">NOTRE VISION<\/div><div class=\"description\" style=\"\">Nous croyons que le succ\u00e8s dans les affaires est bas\u00e9 sur une relation de confiance. La r\u00e9ussite de SoftFlow est due \u00e0 une communication transparente avec sa client\u00e8le et une coordination sans faille \u00e0 tous les niveaux d&#8217;intervention en TI. Nos administrateurs r\u00e9seaux ont une tr\u00e8s grande exp\u00e9rience en cybers\u00e9curit\u00e9 et s\u00e9curit\u00e9 informatique. Depuis plus de 35 ans, nous fournissons un soutien informatique \u00e0 des milliers d&#8217;entreprises gr\u00e2ce \u00e0 notre expertise approfondie de l\u2019industrie TI et \u00e0 notre approche pragmatique. <\/div><\/div>\t\t\t\t\t<script>\r\n\t\t\t\t\t\t(function($){\r\n\t\t\t\t\t\t\t$('head').append('<style type=\"text\/css\"> .idinfobox69e9195cd5420 .module-icon {border-color: #e8e8e8;}.idinfobox69e9195cd5420 .module-icon:before{border-width: 1px !important;}.idinfobox69e9195cd5420.dfd-info-box .module-icon {background-color:#ffffff;}.idinfobox69e9195cd5420 .description, #idinfobox69e9195cd5420 .description {padding-top: 10px;}<\/style>');\r\n\t\t\t\t\t\t})(jQuery)\r\n\t\t\t\t\t<\/script>\r\n\r\n\t\t\t\t<\/div><\/div>[\/vc_column_inner][vc_column_inner width=&#8221;1\/3&#8243;]<div id=\"idinfobox69e9195cd54df\" class=\"dfd-info-box clearfix style-03 layout-04  idinfobox69e9195cd54df\" ><div class=\"dfd-animate-container\"><div class=\"icon-wrapper\"><div class=\"module-icon\" style=\"border-radius:2px;border-width: 1px;font-size:80px;\"><div class=\"hover-layer\" ><\/div><i class=\"featured-icon dfd-icon-computer_1\" style=\"font-size:35px; color:#19a4c6; opacity:1;\" ><\/i><\/div><\/div><div class=\"content-wrap ovh\"><div class=\"info-box-title feature-title\" style=\"\">NOTRE MANDAT<\/div><div class=\"description\" style=\"\">Notre travail consiste \u00e0 ce que votre infrastructure informatique tels que vos ordinateurs, serveurs, p\u00e9riph\u00e9riques et autres ressources TI sont op\u00e9rationnels, performants et \u00e0 votre disponibilit\u00e9 en tout temps. De plus, nous veillons \u00e0 ce que vos serveurs et vos donn\u00e9es importantes demeurent en s\u00e9curit\u00e9 24\/7, 365 jours par ann\u00e9e. Nous donnons \u00e0 nos clients la tranquillit\u00e9 d&#8217;esprit leur permettant de convenablement diriger leur entreprise sans jamais se soucier de probl\u00e8mes li\u00e9s \u00e0 l&#8217;informatique.<\/div><\/div>\t\t\t\t\t<script>\r\n\t\t\t\t\t\t(function($){\r\n\t\t\t\t\t\t\t$('head').append('<style type=\"text\/css\"> .idinfobox69e9195cd54df .module-icon {border-color: #e8e8e8;}.idinfobox69e9195cd54df .module-icon:before{border-width: 1px !important;}.idinfobox69e9195cd54df.dfd-info-box .module-icon {background-color:#ffffff;}.idinfobox69e9195cd54df .description, #idinfobox69e9195cd54df .description {padding-top: 10px;}<\/style>');\r\n\t\t\t\t\t\t})(jQuery)\r\n\t\t\t\t\t<\/script>\r\n\r\n\t\t\t\t<\/div><\/div>[\/vc_column_inner][vc_column_inner width=&#8221;1\/3&#8243;]<div id=\"idinfobox69e9195cd555c\" class=\"dfd-info-box clearfix style-03 layout-04  idinfobox69e9195cd555c\" ><div class=\"dfd-animate-container\"><div class=\"icon-wrapper\"><div class=\"module-icon\" style=\"border-radius:2px;border-width: 1px;font-size:80px;\"><div class=\"hover-layer\" ><\/div><i class=\"featured-icon dfd-icon-businessman\" style=\"font-size:35px; color:#19a4c6; opacity:1;\" ><\/i><\/div><\/div><div class=\"content-wrap ovh\"><div class=\"info-box-title feature-title\" style=\"\">NOTRE CLIENT\u00c8LE<\/div><div class=\"description\" style=\"\">Nous g\u00e9rons un tr\u00e8s grand nombre d&#8217;entreprises de toutes grandeurs dans diff\u00e9rents secteurs d&#8217;activit\u00e9. Nous traitons chacun de nos clients comme un membre de notre famille et nous mettons une tr\u00e8s grande emphase sur le fait d\u2019\u00e9tablir une relation de confiance et \u00e0 long terme. Tous nos consultants informatiques sont des techniciens qualifi\u00e9s et exp\u00e9riment\u00e9s; cela nous permet de fournir un service informatique adapt\u00e9 aux organisations de toutes tailles.<\/div><\/div>\t\t\t\t\t<script>\r\n\t\t\t\t\t\t(function($){\r\n\t\t\t\t\t\t\t$('head').append('<style type=\"text\/css\"> .idinfobox69e9195cd555c .module-icon {border-color: #e8e8e8;}.idinfobox69e9195cd555c .module-icon:before{border-width: 1px !important;}.idinfobox69e9195cd555c.dfd-info-box .module-icon {background-color:#ffffff;}.idinfobox69e9195cd555c .description, #idinfobox69e9195cd555c .description {padding-top: 10px;}<\/style>');\r\n\t\t\t\t\t\t})(jQuery)\r\n\t\t\t\t\t<\/script>\r\n\r\n\t\t\t\t<\/div><\/div>[\/vc_column_inner][\/vc_row_inner]<div class=\"dfd-spacer-module\"  data-units=\"px\" data-wide_resolution=\"1280\" data-wide_size=\"50\" data-normal_resolution=\"1024\" data-normal_size=\"50\" data-tablet_resolution=\"800\" data-tablet_size=\"45\" data-mobile_resolution=\"480\" data-mobile_size=\"45\" style=\"height: 50px;\"><\/div>[\/vc_column][\/vc_row][vc_row force_equal_height_columns=&#8221;main_row&#8221; dfd_row_config=&#8221;full_width_content&#8221; bg_check=&#8221;row-background-dark&#8221; css=&#8221;.vc_custom_1506581134421{background-color: #19a4c6 !important;}&#8221; mobile_destroy_equal_heights=&#8221;yes&#8221;][vc_column width=&#8221;1\/2&#8243; dfd_column_responsive_enable=&#8221;dfd-column-responsive-enable&#8221; css=&#8221;.vc_custom_1505221114759{padding-right: 6% !important;padding-left: 6% !important;}&#8221; el_class=&#8221;dfd_col-tablet-8&#8243; offset=&#8221;vc_col-lg-6 vc_col-md-6 vc_col-xs-12&#8243; responsive_styles=&#8221;padding_left_mobile:20|padding_right_mobile:20&#8243;]<div class=\"dfd-spacer-module\"  data-units=\"px\" data-wide_resolution=\"1280\" data-wide_size=\"60\" data-normal_resolution=\"1024\" data-normal_size=\"60\" data-tablet_resolution=\"800\" data-tablet_size=\"50\" data-mobile_resolution=\"480\" data-mobile_size=\"40\" style=\"height: 60px;\"><\/div><div class=\"dfd-heading-shortcode\"><div class=\"dfd-heading-module-wrap  text-left style_01 dfd-heading-69e9195cd5640 dfd-disable-resposive-headings\" id=\"dfd-heading-69e9195cd5640\" ><div class=\"inline-block\"><div class=\"dfd-heading-module\"><h5 class=\"widget-title dfd-title \" style=\"font-size: 35px; line-height: 40px; font-weight:bold; \"><strong>APPELEZ-NOUS POUR UNE CONSULTATION GRATUITE!<\/strong><\/h5><\/div><\/div><\/div><script type=\"text\/javascript\">\r\n\t\t\t\t\t\t\t\t\t(function($) {\r\n\t\t\t\t\t\t\t\t\t\t$(\"head\").append(\"<style>.dfd-heading-69e9195cd5640.dfd-heading-module-wrap .dfd-heading-module .dfd-heading-delimiter {margin-top:10px;margin-bottom:10px;}@media (max-width: 799px){.dfd-heading-69e9195cd5640 .dfd-title{font-size: 34px !important;}}<\/style>\");\r\n\t\t\t\t\t\t\t\t\t})(jQuery);\r\n\t\t\t\t\t\t\t\t<\/script><\/div><div class=\"dfd-spacer-module\"  data-units=\"px\" data-wide_resolution=\"1280\" data-wide_size=\"55\" data-normal_resolution=\"1024\" data-normal_size=\"55\" data-tablet_resolution=\"800\" data-tablet_size=\"40\" data-mobile_resolution=\"480\" data-mobile_size=\"40\" style=\"height: 55px;\"><\/div>[\/vc_column][vc_column width=&#8221;1\/2&#8243; dfd_column_responsive_enable=&#8221;dfd-column-responsive-enable&#8221; el_class=&#8221;dfd_col-tablet-4&#8243; offset=&#8221;vc_col-lg-6 vc_col-md-6 vc_col-xs-12&#8243; responsive_styles=&#8221;padding_left_mobile:20|padding_right_mobile:20&#8243;][vc_row_inner][vc_column_inner]<div id=\"dfd-button-69e9195cd577d\" class=\"dfd-button-module-wrap dfd-button-69e9195cd577d\"><div class=\"dfd-button-module  style_1 text-center dfd-horizontal dfd-top-to-bottom dfd-button-icon-right dfd-button-icon-hover-simple\" ><a href=\"https:\/\/softflow.ca\/fr\/nous-joindre\/\" class=\"dfd-button-link\"><span class=\"dfd-button-inner-cover\"><span class=\"dfd-button-text-main\"><strong>CONTACTEZ-NOUS<\/strong><i class=\"typcn typcn-arrow-right\"><\/i><\/span><\/span><\/a><\/div><script type=\"text\/javascript\">\r\n\t\t\t\t\t\t\t\t\t(function($) {$(\"head\").append(\"<style>#dfd-button-69e9195cd577d.dfd-button-module-wrap .dfd-button-module .dfd-button-link .dfd-button-inner-cover span i, .dfd-button-69e9195cd577d.dfd-button-module-wrap .dfd-button-module .dfd-button-link .dfd-button-inner-cover span i {font-size: 22px;}#dfd-button-69e9195cd577d.dfd-button-module-wrap .dfd-button-module .dfd-button-link .dfd-button-inner-cover .dfd-button-text-main, .dfd-button-69e9195cd577d.dfd-button-module-wrap .dfd-button-module .dfd-button-link .dfd-button-inner-cover .dfd-button-text-main, .dfd-button-69e9195cd577d.dfd-button-module-wrap .dfd-button-module .dfd-button-link .dfd-button-inner-cover .dfd-button-text-hover, #dfd-button-69e9195cd577d.dfd-button-module-wrap .dfd-button-module .dfd-button-link .dfd-button-inner-cover .dfd-button-text-hover {padding-left: 65px;}#dfd-button-69e9195cd577d.dfd-button-module-wrap .dfd-button-module .dfd-button-link .dfd-button-inner-cover .dfd-button-text-main, .dfd-button-69e9195cd577d.dfd-button-module-wrap .dfd-button-module .dfd-button-link .dfd-button-inner-cover .dfd-button-text-main, .dfd-button-69e9195cd577d.dfd-button-module-wrap .dfd-button-module .dfd-button-link .dfd-button-inner-cover .dfd-button-text-hover, #dfd-button-69e9195cd577d.dfd-button-module-wrap .dfd-button-module .dfd-button-link .dfd-button-inner-cover .dfd-button-text-hover {padding-right: 65px;}#dfd-button-69e9195cd577d.dfd-button-module-wrap .dfd-button-module .dfd-button-link .dfd-button-inner-cover .dfd-button-text-main, .dfd-button-69e9195cd577d.dfd-button-module-wrap .dfd-button-module .dfd-button-link .dfd-button-inner-cover .dfd-button-text-main, .dfd-button-69e9195cd577d.dfd-button-module-wrap .dfd-button-module .dfd-button-link .dfd-button-inner-cover .dfd-button-text-hover, #dfd-button-69e9195cd577d.dfd-button-module-wrap .dfd-button-module .dfd-button-link .dfd-button-inner-cover .dfd-button-text-hover {line-height: 35px; }#dfd-button-69e9195cd577d.dfd-button-module-wrap .dfd-button-module .dfd-button-link .dfd-button-inner-cover .dfd-button-text-main,.dfd-button-69e9195cd577d.dfd-button-module-wrap .dfd-button-module .dfd-button-link .dfd-button-inner-cover .dfd-button-text-main {color: #19a4c6}#dfd-button-69e9195cd577d.dfd-button-module-wrap .dfd-button-module .dfd-button-link .dfd-button-inner-cover,.dfd-button-69e9195cd577d.dfd-button-module-wrap .dfd-button-module .dfd-button-link .dfd-button-border-decoration,.dfd-button-69e9195cd577d.dfd-button-module-wrap .dfd-button-module .dfd-button-link .dfd-button-inner-cover {border-radius:0px;}#dfd-button-69e9195cd577d.dfd-button-module-wrap .dfd-button-module:not(.style_4) .dfd-button-link .dfd-button-inner-cover:before,#dfd-button-69e9195cd577d.dfd-button-module-wrap .dfd-button-module.style_4 .dfd-button-link .dfd-button-inner-cover:after,#dfd-button-69e9195cd577d.dfd-button-module-wrap .dfd-button-module.style_6 .dfd-button-link .dfd-button-inner-cover .dfd-button-text-main,.dfd-button-69e9195cd577d.dfd-button-module-wrap .dfd-button-module:not(.style_4) .dfd-button-link .dfd-button-inner-cover:before,.dfd-button-69e9195cd577d.dfd-button-module-wrap .dfd-button-module.style_4 .dfd-button-link .dfd-button-inner-cover:after,.dfd-button-69e9195cd577d.dfd-button-module-wrap .dfd-button-module.style_6 .dfd-button-link .dfd-button-inner-cover .dfd-button-text-main {background: #ffffff;border-style:solid;border-width:1px;border-radius:0px;border-color:rgba(255,255,255,0.3);}#dfd-button-69e9195cd577d.dfd-button-module-wrap .dfd-button-module:not(.style_6) .dfd-button-link:hover .dfd-button-inner-cover .dfd-button-text-main,#dfd-button-69e9195cd577d.dfd-button-module-wrap .dfd-button-module .dfd-button-link .dfd-button-inner-cover .dfd-button-text-hover,.dfd-button-69e9195cd577d.dfd-button-module-wrap .dfd-button-module:not(.style_6) .dfd-button-link:hover .dfd-button-inner-cover .dfd-button-text-main,.dfd-button-69e9195cd577d.dfd-button-module-wrap .dfd-button-module .dfd-button-link .dfd-button-inner-cover .dfd-button-text-hover {color: #ffffff;}#dfd-button-69e9195cd577d.dfd-button-module-wrap .dfd-button-module .dfd-button-link:hover .dfd-button-inner-cover,.dfd-button-69e9195cd577d.dfd-button-module-wrap .dfd-button-module .dfd-button-link:hover .dfd-button-border-decoration,.dfd-button-69e9195cd577d.dfd-button-module-wrap .dfd-button-module .dfd-button-link:hover .dfd-button-inner-cover {border-radius:0px;}#dfd-button-69e9195cd577d.dfd-button-module-wrap .dfd-button-module:not(.style_4) .dfd-button-link .dfd-button-inner-cover:after,#dfd-button-69e9195cd577d.dfd-button-module-wrap .dfd-button-module.style_4 .dfd-button-link .dfd-button-inner-cover:before,#dfd-button-69e9195cd577d.dfd-button-module-wrap .dfd-button-module .dfd-button-link .dfd-button-inner-cover .dfd-button-text-hover .dfd-button-69e9195cd577d.dfd-button-module-wrap .dfd-button-module:not(.style_4) .dfd-button-link .dfd-button-inner-cover:after,.dfd-button-69e9195cd577d.dfd-button-module-wrap .dfd-button-module.style_4 .dfd-button-link .dfd-button-inner-cover:before,.dfd-button-69e9195cd577d.dfd-button-module-wrap .dfd-button-module .dfd-button-link .dfd-button-inner-cover .dfd-button-text-hover {background: #19a4c6;border-style:solid;border-width:1px;border-radius:0px;border-color:#ffffff;}#dfd-button-69e9195cd577d.dfd-button-module-wrap .dfd-button-module.style_3 .dfd-button-link:hover .dfd-button-inner-cover:before,#dfd-button-69e9195cd577d.dfd-button-module-wrap .dfd-button-module.style_4 .dfd-button-link:hover .dfd-button-inner-cover:before,.dfd-button-69e9195cd577d.dfd-button-module-wrap .dfd-button-module.style_3 .dfd-button-link:hover .dfd-button-inner-cover:before,.dfd-button-69e9195cd577d.dfd-button-module-wrap .dfd-button-module.style_4 .dfd-button-link:hover .dfd-button-inner-cover:before {border-style:solid;border-width:1px;border-radius:0px;border-color:#ffffff;}#dfd-button-69e9195cd577d.dfd-button-module-wrap .dfd-button-module .dfd-button-link .dfd-button-inner-cover .dfd-button-text-main i,.dfd-button-69e9195cd577d.dfd-button-module-wrap .dfd-button-module .dfd-button-link .dfd-button-inner-cover .dfd-button-text-main i {color: #297d8e;}<\/style>\")\r\n\t\t\t\t\t\t\t\t\t})(jQuery);\r\n\t\t\t\t\t\t\t\t<\/script><\/div><div class=\"dfd-spacer-module\"  data-units=\"px\" data-wide_resolution=\"1280\" data-wide_size=\"0\" data-normal_resolution=\"1024\" data-normal_size=\"0\" data-tablet_resolution=\"800\" data-tablet_size=\"0\" data-mobile_resolution=\"480\" data-mobile_size=\"40\" style=\"height: 0px;\"><\/div>[\/vc_column_inner][\/vc_row_inner][\/vc_column][\/vc_row]<\/p>\n<\/div>","protected":false},"excerpt":{"rendered":"<p>[vc_row dfd_row_config=&#8221;full_width_content_paddings&#8221; dfd_row_responsive_enable=&#8221;dfd-row-responsive-enable&#8221; dfd_bg_style=&#8221;image&#8221; dfd_parallax_style=&#8221;dfd_animated_bg&#8221; dfd_bg_image_new=&#8221;152&#8243; dfd_bg_image_size=&#8221;initial&#8221; dfd_parallax_sense=&#8221;50&#8243; dfd_enable_overlay=&#8221;&#8221; css=&#8221;.vc_custom_1506995163520{padding-right: 8% !important;padding-left: 8% !important;background-position: 0 0 !important;background-image: url(https:\/\/softflow.ca\/wp-content\/uploads\/2022\/06\/abstract-technology-white-gray-color-modern-background_41981-1010.jpg) !important;}&#8221; dfd_bg_image_new_responsive=&#8221;152&#8243;][vc_column el_class=&#8221;dfd_col-tablet-12&#8243; offset=&#8221;vc_col-lg-12 vc_col-md-12 vc_col-xs-12&#8243;][vc_column_text] COMPAGNIE INFORMATIQUE DEPUIS 1987 &nbsp; &nbsp;<\/p>\n","protected":false},"author":3,"featured_media":0,"parent":0,"menu_order":2,"comment_status":"closed","ping_status":"closed","template":"page-custom-with-header.php","meta":{"_acf_changed":false,"nf_dc_page":"","_monsterinsights_skip_tracking":false,"_monsterinsights_sitenote_active":false,"_monsterinsights_sitenote_note":"","_monsterinsights_sitenote_category":0,"footnotes":""},"class_list":["post-942","page","type-page","status-publish","hentry"],"acf":[],"_links":{"self":[{"href":"https:\/\/softflow.ca\/fr\/wp-json\/wp\/v2\/pages\/942","targetHints":{"allow":["GET"]}}],"collection":[{"href":"https:\/\/softflow.ca\/fr\/wp-json\/wp\/v2\/pages"}],"about":[{"href":"https:\/\/softflow.ca\/fr\/wp-json\/wp\/v2\/types\/page"}],"author":[{"embeddable":true,"href":"https:\/\/softflow.ca\/fr\/wp-json\/wp\/v2\/users\/3"}],"replies":[{"embeddable":true,"href":"https:\/\/softflow.ca\/fr\/wp-json\/wp\/v2\/comments?post=942"}],"version-history":[{"count":27,"href":"https:\/\/softflow.ca\/fr\/wp-json\/wp\/v2\/pages\/942\/revisions"}],"predecessor-version":[{"id":4444,"href":"https:\/\/softflow.ca\/fr\/wp-json\/wp\/v2\/pages\/942\/revisions\/4444"}],"wp:attachment":[{"href":"https:\/\/softflow.ca\/fr\/wp-json\/wp\/v2\/media?parent=942"}],"curies":[{"name":"wp","href":"https:\/\/api.w.org\/{rel}","templated":true}]}}