{"id":941,"date":"2017-06-28T06:35:16","date_gmt":"2017-06-28T10:35:16","guid":{"rendered":"https:\/\/softflow.ca\/careers\/"},"modified":"2023-03-20T03:40:04","modified_gmt":"2023-03-20T07:40:04","slug":"compagnie-informatique-montreal","status":"publish","type":"page","link":"https:\/\/softflow.ca\/fr\/compagnie-informatique-montreal\/","title":{"rendered":"CARRI\u00c8RES EN TI"},"content":{"rendered":"<div class=\"wpb-content-wrapper\"><p>[vc_row force_equal_height_columns=&#8221;main_row&#8221; mobile_destroy_equal_heights_resolution=&#8221;1280&#8243; dfd_row_config=&#8221;full_width_content&#8221; dfd_row_responsive_enable=&#8221;dfd-row-responsive-enable&#8221; dfd_bg_style=&#8221;image&#8221; dfd_parallax_style=&#8221;dfd_animated_bg&#8221; dfd_bg_image_new=&#8221;152&#8243; dfd_bg_image_size=&#8221;initial&#8221; dfd_parallax_sense=&#8221;50&#8243; dfd_enable_overlay=&#8221;&#8221; css=&#8221;.vc_custom_1505223284358{padding-right: 15% !important;padding-left: 8% !important;background-position: 0 0 !important;background-repeat: no-repeat !important;}&#8221; dfd_bg_image_new_responsive=&#8221;152&#8243; mobile_destroy_equal_heights=&#8221;yes&#8221; responsive_styles=&#8221;padding_left_desktop:150|padding_right_desktop:150|padding_left_tablet:50|padding_right_tablet:50|padding_left_mobile:10|padding_right_mobile:10&#8243;][vc_column css=&#8221;.vc_custom_1506749109556{padding-right: 10px !important;padding-left: 10px !important;}&#8221; el_class=&#8221;dfd_col-tablet-12 &#8221; offset=&#8221;vc_col-lg-12 vc_col-md-12 vc_col-xs-12&#8243;]<div class=\"dfd-spacer-module\"  data-units=\"px\" data-wide_resolution=\"1280\" data-wide_size=\"100\" data-normal_resolution=\"1024\" data-normal_size=\"100\" data-tablet_resolution=\"800\" data-tablet_size=\"90\" data-mobile_resolution=\"480\" data-mobile_size=\"80\" style=\"height: 100px;\"><\/div><div class=\"dfd-heading-shortcode\"><div class=\"dfd-heading-module-wrap  text-center style_01 dfd-heading-69e919cb6978f dfd-disable-resposive-headings\" id=\"dfd-heading-69e919cb6978f\" ><div class=\"inline-block\"><div class=\"dfd-heading-module\"><h3 class=\"widget-title dfd-title \" style=\"font-family:Asap; font-weight:400; font-style:normal; font-size: 45px; line-height: 45px; \"><\/p>\n<h4 style=\"text-align: center;\">ENVOYEZ-NOUS VOTRE CV<\/h4>\n<p><\/h3><h3 class=\"widget-sub-title dfd-sub-title \" style=\"font-size: 16px; line-height: 26px; font-style:italic; \">Nous sommes toujours \u00e0 la recherche de nouveaux techniciens et ing\u00e9nieurs motiv\u00e9s et qualifi\u00e9s qui voudraient rejoindre la famille de SoftFlow Canada. Faites-nous parvenir votre r\u00e9sum\u00e9 et il nous fera un grand plaisir de vous r\u00e9pondre si cela convient \u00e0 nos besoins actuels dans un tr\u00e8s court d\u00e9lai. Merci pour votre int\u00e9r\u00eat d\u2019entamer une carri\u00e8re chez SoftFlow Canada.<\/h3><\/div><\/div><\/div><script type=\"text\/javascript\">\r\n\t\t\t\t\t\t\t\t\t(function($) {\r\n\t\t\t\t\t\t\t\t\t\t$(\"head\").append(\"<style>.dfd-heading-69e919cb6978f .dfd-heading-module .widget-sub-title {margin-top:20px;}.dfd-heading-69e919cb6978f.dfd-heading-module-wrap .dfd-heading-module .dfd-heading-delimiter {margin-top:10px;margin-bottom:10px;}@media (max-width: 799px){.dfd-heading-69e919cb6978f .dfd-title{font-size: 36px !important;line-height: 40px !important;}}<\/style>\");\r\n\t\t\t\t\t\t\t\t\t})(jQuery);\r\n\t\t\t\t\t\t\t\t<\/script><\/div><div class=\"dfd-spacer-module\"  data-units=\"px\" data-wide_resolution=\"1280\" data-wide_size=\"55\" data-normal_resolution=\"1024\" data-normal_size=\"55\" data-tablet_resolution=\"800\" data-tablet_size=\"40\" data-mobile_resolution=\"480\" data-mobile_size=\"35\" style=\"height: 55px;\"><\/div>\n<div class=\"wpcf7 no-js\" id=\"wpcf7-f1019-o1\" lang=\"en-CA\" dir=\"ltr\" data-wpcf7-id=\"1019\">\n<div class=\"screen-reader-response\"><p role=\"status\" aria-live=\"polite\" aria-atomic=\"true\"><\/p> <ul><\/ul><\/div>\n<form action=\"\/fr\/wp-json\/wp\/v2\/pages\/941#wpcf7-f1019-o1\" method=\"post\" class=\"wpcf7-form init\" aria-label=\"Contact form\" enctype=\"multipart\/form-data\" novalidate=\"novalidate\" data-status=\"init\">\n<fieldset class=\"hidden-fields-container\"><input type=\"hidden\" name=\"_wpcf7\" value=\"1019\" \/><input type=\"hidden\" name=\"_wpcf7_version\" value=\"6.1.5\" \/><input type=\"hidden\" name=\"_wpcf7_locale\" value=\"en_CA\" \/><input type=\"hidden\" name=\"_wpcf7_unit_tag\" value=\"wpcf7-f1019-o1\" \/><input type=\"hidden\" name=\"_wpcf7_container_post\" value=\"0\" \/><input type=\"hidden\" name=\"_wpcf7_posted_data_hash\" value=\"\" \/>\n<\/fieldset>\n<p>Pr\u00e9nom\n<\/p>\n<p><span class=\"wpcf7-form-control-wrap\" data-name=\"firstname\"><input size=\"40\" maxlength=\"400\" class=\"wpcf7-form-control wpcf7-text wpcf7-validates-as-required\" aria-required=\"true\" aria-invalid=\"false\" value=\"\" type=\"text\" name=\"firstname\" \/><\/span>\n<\/p>\n<p>Nom de famille\n<\/p>\n<p><span class=\"wpcf7-form-control-wrap\" data-name=\"lastname\"><input size=\"40\" maxlength=\"400\" class=\"wpcf7-form-control wpcf7-text wpcf7-validates-as-required\" aria-required=\"true\" aria-invalid=\"false\" value=\"\" type=\"text\" name=\"lastname\" \/><\/span>\n<\/p>\n<p>T\u00e9l\u00e9phone 1\n<\/p>\n<p><span class=\"wpcf7-form-control-wrap\" data-name=\"phone1\"><input size=\"40\" maxlength=\"400\" class=\"wpcf7-form-control wpcf7-text wpcf7-validates-as-required\" aria-required=\"true\" aria-invalid=\"false\" value=\"\" type=\"text\" name=\"phone1\" \/><\/span>\n<\/p>\n<p>T\u00e9l\u00e9phone 2\n<\/p>\n<p><span class=\"wpcf7-form-control-wrap\" data-name=\"phone2\"><input size=\"40\" maxlength=\"400\" class=\"wpcf7-form-control wpcf7-text\" aria-invalid=\"false\" value=\"\" type=\"text\" name=\"phone2\" \/><\/span>\n<\/p>\n<p>Courriel\n<\/p>\n<p><span class=\"wpcf7-form-control-wrap\" data-name=\"email\"><input size=\"40\" maxlength=\"400\" class=\"wpcf7-form-control wpcf7-email wpcf7-validates-as-required wpcf7-text wpcf7-validates-as-email\" aria-required=\"true\" aria-invalid=\"false\" value=\"\" type=\"email\" name=\"email\" \/><\/span>\n<\/p>\n<p>Adresse\n<\/p>\n<p><span class=\"wpcf7-form-control-wrap\" data-name=\"street1\"><input size=\"40\" maxlength=\"400\" class=\"wpcf7-form-control wpcf7-text wpcf7-validates-as-required\" aria-required=\"true\" aria-invalid=\"false\" value=\"\" type=\"text\" name=\"street1\" \/><\/span>\n<\/p>\n<p>Ville\n<\/p>\n<p><span class=\"wpcf7-form-control-wrap\" data-name=\"city\"><input size=\"40\" maxlength=\"400\" class=\"wpcf7-form-control wpcf7-text wpcf7-validates-as-required\" aria-required=\"true\" aria-invalid=\"false\" value=\"\" type=\"text\" name=\"city\" \/><\/span>\n<\/p>\n<p>Pays\n<\/p>\n<p><span class=\"wpcf7-form-control-wrap\" data-name=\"Country\"><input size=\"40\" maxlength=\"400\" class=\"wpcf7-form-control wpcf7-text wpcf7-validates-as-required\" aria-required=\"true\" aria-invalid=\"false\" value=\"\" type=\"text\" name=\"Country\" \/><\/span>\n<\/p>\n<p>Quand \u00eates-vous disponible pour travailler ?\n<\/p>\n<p><span class=\"wpcf7-form-control-wrap\" data-name=\"when\"><input size=\"40\" maxlength=\"400\" class=\"wpcf7-form-control wpcf7-text wpcf7-validates-as-required\" aria-required=\"true\" aria-invalid=\"false\" value=\"\" type=\"text\" name=\"when\" \/><\/span>\n<\/p>\n<p>Quel poste recherchez-vous ?\n<\/p>\n<p><span class=\"wpcf7-form-control-wrap\" data-name=\"what\"><input size=\"40\" maxlength=\"400\" class=\"wpcf7-form-control wpcf7-text wpcf7-validates-as-required\" aria-required=\"true\" aria-invalid=\"false\" value=\"\" type=\"text\" name=\"what\" \/><\/span>\n<\/p>\n<p>Parlez-nous de vous :\n<\/p>\n<p><span class=\"wpcf7-form-control-wrap\" data-name=\"about\"><textarea cols=\"40\" rows=\"10\" maxlength=\"2000\" class=\"wpcf7-form-control wpcf7-textarea\" aria-invalid=\"false\" name=\"about\"><\/textarea><\/span>\n<\/p>\n<p>Joindre CV\n<\/p>\n<p><span class=\"wpcf7-form-control-wrap\" data-name=\"your-file\"><input size=\"40\" class=\"wpcf7-form-control wpcf7-file wpcf7-validates-as-required\" accept=\".pdf,.txt\" aria-required=\"true\" aria-invalid=\"false\" type=\"file\" name=\"your-file\" \/><\/span>\n<\/p>\n<div id=\"cf7sr-69e919cb6c069\" class=\"cf7sr-g-hcaptcha\" data-theme=\"light\" data-size=\"normal\" data-sitekey=\"458aa694-391e-4d68-be62-4652861cfc3e\"><\/div><span class=\"wpcf7-form-control-wrap cf7sr-hcaptcha\" data-name=\"cf7sr-hcaptcha\"><input type=\"hidden\" name=\"cf7sr-hcaptcha\" value=\"\" class=\"wpcf7-form-control\"><\/span><br \/>\n<input class=\"wpcf7-form-control wpcf7-submit has-spinner\" type=\"submit\" value=\"SOUMETTRE UNE DEMANDE\" \/>\n<\/p><div class=\"wpcf7-response-output\" aria-hidden=\"true\"><\/div>\n<\/form>\n<\/div>\n<div class=\"dfd-spacer-module\"  data-units=\"px\" data-wide_resolution=\"1280\" data-wide_size=\"100\" data-normal_resolution=\"1024\" data-normal_size=\"100\" data-tablet_resolution=\"800\" data-tablet_size=\"90\" data-mobile_resolution=\"480\" data-mobile_size=\"80\" style=\"height: 100px;\"><\/div>[\/vc_column][\/vc_row]<\/p>\n<\/div>","protected":false},"excerpt":{"rendered":"<p>[vc_row force_equal_height_columns=&#8221;main_row&#8221; mobile_destroy_equal_heights_resolution=&#8221;1280&#8243; dfd_row_config=&#8221;full_width_content&#8221; dfd_row_responsive_enable=&#8221;dfd-row-responsive-enable&#8221; dfd_bg_style=&#8221;image&#8221; dfd_parallax_style=&#8221;dfd_animated_bg&#8221; dfd_bg_image_new=&#8221;152&#8243; dfd_bg_image_size=&#8221;initial&#8221; dfd_parallax_sense=&#8221;50&#8243; dfd_enable_overlay=&#8221;&#8221; css=&#8221;.vc_custom_1505223284358{padding-right: 15% !important;padding-left: 8% !important;background-position: 0 0 !important;background-repeat: no-repeat !important;}&#8221; dfd_bg_image_new_responsive=&#8221;152&#8243; mobile_destroy_equal_heights=&#8221;yes&#8221; responsive_styles=&#8221;padding_left_desktop:150|padding_right_desktop:150|padding_left_tablet:50|padding_right_tablet:50|padding_left_mobile:10|padding_right_mobile:10&#8243;][vc_column css=&#8221;.vc_custom_1506749109556{padding-right: 10px !important;padding-left: 10px !important;}&#8221; el_class=&#8221;dfd_col-tablet-12<\/p>\n","protected":false},"author":3,"featured_media":0,"parent":0,"menu_order":6,"comment_status":"closed","ping_status":"closed","template":"page-custom-with-header.php","meta":{"_acf_changed":false,"nf_dc_page":"","_monsterinsights_skip_tracking":false,"_monsterinsights_sitenote_active":false,"_monsterinsights_sitenote_note":"","_monsterinsights_sitenote_category":0,"footnotes":""},"class_list":["post-941","page","type-page","status-publish","hentry"],"acf":[],"_links":{"self":[{"href":"https:\/\/softflow.ca\/fr\/wp-json\/wp\/v2\/pages\/941","targetHints":{"allow":["GET"]}}],"collection":[{"href":"https:\/\/softflow.ca\/fr\/wp-json\/wp\/v2\/pages"}],"about":[{"href":"https:\/\/softflow.ca\/fr\/wp-json\/wp\/v2\/types\/page"}],"author":[{"embeddable":true,"href":"https:\/\/softflow.ca\/fr\/wp-json\/wp\/v2\/users\/3"}],"replies":[{"embeddable":true,"href":"https:\/\/softflow.ca\/fr\/wp-json\/wp\/v2\/comments?post=941"}],"version-history":[{"count":6,"href":"https:\/\/softflow.ca\/fr\/wp-json\/wp\/v2\/pages\/941\/revisions"}],"predecessor-version":[{"id":3974,"href":"https:\/\/softflow.ca\/fr\/wp-json\/wp\/v2\/pages\/941\/revisions\/3974"}],"wp:attachment":[{"href":"https:\/\/softflow.ca\/fr\/wp-json\/wp\/v2\/media?parent=941"}],"curies":[{"name":"wp","href":"https:\/\/api.w.org\/{rel}","templated":true}]}}