{"id":938,"date":"2017-06-28T06:37:11","date_gmt":"2017-06-28T10:37:11","guid":{"rendered":"https:\/\/softflow.ca\/services\/"},"modified":"2025-05-27T11:21:31","modified_gmt":"2025-05-27T15:21:31","slug":"serviceinformatiquemontreal","status":"publish","type":"page","link":"https:\/\/softflow.ca\/fr\/serviceinformatiquemontreal\/","title":{"rendered":"SERVICES TI"},"content":{"rendered":"<div class=\"wpb-content-wrapper\"><p style=\"text-align: left;\"><img decoding=\"async\" loading=\"lazy\" class=\"size-full wp-image-2857 aligncenter\" src=\"https:\/\/softflow.ca\/wp-content\/uploads\/2022\/06\/white.gif\" alt=\"\" width=\"1780\" height=\"350\" \/><\/p>\n<h1 style=\"text-align: center;\">Service <span style=\"color: #19a4c6;\">Informatique <\/span> Montr\u00e9al-<span style=\"color: #19a4c6;\">Laval<\/span>-Quebec<\/h1>\n<h1 style=\"text-align: center;\"><img decoding=\"async\" loading=\"lazy\" class=\"aligncenter size-full wp-image-3267\" src=\"https:\/\/softflow.ca\/wp-content\/uploads\/2022\/07\/35-year-seal-400x289-1.png\" alt=\"\" width=\"400\" height=\"289\" srcset=\"https:\/\/softflow.ca\/wp-content\/uploads\/2022\/07\/35-year-seal-400x289-1.png 400w, https:\/\/softflow.ca\/wp-content\/uploads\/2022\/07\/35-year-seal-400x289-1-300x217.png 300w\" sizes=\"auto, (max-width: 400px) 100vw, 400px\" \/><\/h1>\n<p>&nbsp;<\/p>\n<p><img decoding=\"async\" loading=\"lazy\" class=\"size-full wp-image-2851\" src=\"https:\/\/softflow.ca\/wp-content\/uploads\/2022\/06\/softflow-itevaluation.jpg\" alt=\"\" width=\"1780\" height=\"350\" \/><div class=\"dfd-spacer-module\"  data-units=\"px\" data-wide_resolution=\"1280\" data-wide_size=\"0\" data-normal_resolution=\"1024\" data-normal_size=\"0\" data-tablet_resolution=\"800\" data-tablet_size=\"0\" data-mobile_resolution=\"480\" data-mobile_size=\"40\" style=\"height: 0px;\"><\/div>[vc_row force_equal_height_columns=&#8221;main_row&#8221; dfd_row_config=&#8221;full_width_content&#8221; dfd_row_responsive_enable=&#8221;dfd-row-responsive-enable&#8221; extra_css_styles=&#8221;z-index:100&#8243; bg_check=&#8221;row-background-dark&#8221; responsive_styles=&#8221;padding_left_desktop:10|padding_right_desktop:10|padding_left_tablet:10|padding_right_tablet:10|padding_left_mobile:10|padding_right_mobile:10&#8243; css=&#8221;.vc-hoverbox-inner { min-height:275px!important; }.vc_custom_1521916339284{margin-top: 5px !important;margin-bottom: 5px !important;}&#8221;][vc_column width=&#8221;1\/3&#8243; dfd_column_responsive_enable=&#8221;dfd-column-responsive-enable&#8221; css=&#8221;.vc_custom_1521908137742{padding-right: 1% !important;padding-left: 1% !important;background-color: #ffffff !important;}&#8221; responsive_styles=&#8221;padding_left_tablet:5|padding_right_tablet:5|margin_top_mobile:10|padding_left_mobile:5|padding_right_mobile:5&#8243;][vc_hoverbox image=&#8221;848&#8243; primary_title=&#8221;<strong>SERVICES TI G\u00c9R\u00c9S<\/strong>&#8221; hover_title=&#8221;&#8221; hover_background_color=&#8221;sky&#8221;]<\/p>\n<p style=\"text-align: center;\"><strong>SERVICES TI AUX ENTREPRISES<\/strong><\/p>\n<p style=\"text-align: center;\"><strong>D\u00c9FINITION DES SERVICES<\/strong><\/p>\n<p style=\"text-align: center;\"><strong>FIABILIT\u00c9 ET CONFORMIT\u00c9<\/strong><\/p>\n<p style=\"text-align: center;\"><strong>10 AVANTAGES TI<\/strong><\/p>\n<h4 style=\"text-align: center;\"><a href=\"https:\/\/softflow.ca\/fr\/services\/services-ti-geres\/\"><strong>VOIR PLUS<\/strong><\/a><\/h4>\n<p>[\/vc_hoverbox][\/vc_column][vc_column width=&#8221;1\/3&#8243; dfd_column_responsive_enable=&#8221;dfd-column-responsive-enable&#8221; css=&#8221;.vc_custom_1521908137742{padding-right: 1% !important;padding-left: 1% !important;background-color: #ffffff !important;}&#8221; responsive_styles=&#8221;padding_left_tablet:10|padding_right_tablet:10|margin_top_mobile:10|padding_left_mobile:10|padding_right_mobile:10&#8243;][vc_hoverbox image=&#8221;849&#8243; primary_title=&#8221;<strong>CYBER S\u00c9CURIT\u00c9<\/strong>&#8221; hover_title=&#8221;&#8221; hover_background_color=&#8221;sky&#8221; css=&#8221;.vc_custom_1527693259016{background-color: #ffffff !important;}&#8221;]<\/p>\n<p style=\"text-align: center;\"><strong>\u00a0CYBERS\u00c9CURIT\u00c9 CYBERD\u00c9FENSE<\/strong><\/p>\n<p style=\"text-align: center;\"><strong>MUR DE FEU, VPN &amp; ANTI-VIRUS\u00a0<\/strong><\/p>\n<p style=\"text-align: center;\"><strong>PROTECTION DES DONN\u00c9ES<\/strong><\/p>\n<p style=\"text-align: center;\"><strong>SURVEILLANCE R\u00c9SEAU<\/strong><\/p>\n<h4 style=\"text-align: center;\"><a href=\"https:\/\/softflow.ca\/fr\/services\/securite\/\"><strong>VOIR PLUS<\/strong><\/a><\/h4>\n<p>[\/vc_hoverbox][\/vc_column][vc_column width=&#8221;1\/3&#8243; dfd_column_responsive_enable=&#8221;dfd-column-responsive-enable&#8221; css=&#8221;.vc_custom_1521908144417{padding-right: 1% !important;padding-left: 1% !important;background-color: #ffffff !important;}&#8221; responsive_styles=&#8221;padding_left_tablet:10|padding_right_tablet:10|margin_top_mobile:10|padding_left_mobile:10|padding_right_mobile:10&#8243;][vc_hoverbox image=&#8221;850&#8243; primary_title=&#8221;<b>INSPECTION R\u00c9SEAU<\/b>&#8221; hover_title=&#8221;&#8221; hover_background_color=&#8221;sky&#8221;]<\/p>\n<p style=\"text-align: center;\"><strong>AUDIT INFORMATIQUE<\/strong><\/p>\n<p style=\"text-align: center;\"><strong>ANALYSE DES\u00a0 BESOINS INFORMATIQUES<\/strong><\/p>\n<p style=\"text-align: center;\"><strong>ONBOARDING DOCUMENTATION<\/strong><\/p>\n<p style=\"text-align: center;\"><strong>IMPLANTATION DE SYST\u00c8MES\u00a0<\/strong><\/p>\n<h4 style=\"text-align: center;\"><a href=\"https:\/\/softflow.ca\/fr\/services\/consultation\/\"><strong>VOIR PLUS<\/strong><\/a><\/h4>\n<p>[\/vc_hoverbox][\/vc_column][\/vc_row][vc_row force_equal_height_columns=&#8221;main_row&#8221; dfd_row_config=&#8221;full_width_content&#8221; dfd_row_responsive_enable=&#8221;dfd-row-responsive-enable&#8221; extra_css_styles=&#8221;z-index:100&#8243; bg_check=&#8221;row-background-dark&#8221; responsive_styles=&#8221;padding_left_desktop:10|padding_right_desktop:10|padding_left_tablet:10|padding_right_tablet:10|padding_left_mobile:10|padding_right_mobile:10&#8243; css=&#8221;.vc_custom_1521915871160{margin-bottom: 10px !important;}&#8221;][vc_column width=&#8221;1\/3&#8243; dfd_column_responsive_enable=&#8221;dfd-column-responsive-enable&#8221; css=&#8221;.vc_custom_1521908131677{padding-right: 1% !important;padding-left:1% !important;background-color: #ffffff !important;}&#8221; responsive_styles=&#8221;padding_left_tablet:10|padding_right_tablet:10|margin_top_mobile:10|padding_left_mobile:10|padding_right_mobile:10&#8243;][vc_hoverbox image=&#8221;851&#8243; primary_title=&#8221;<strong>ACC\u00c8S \u00c0 DISTANCE &#8211; MICROSOFT OFFICE 365<\/strong>&#8221; hover_title=&#8221;&#8221; hover_background_color=&#8221;sky&#8221;]<\/p>\n<p style=\"text-align: center;\"><strong>ACC\u00c8S \u00c0 DISTANCE\u00a0<\/strong><\/p>\n<p style=\"text-align: center;\"><strong>MICROSOFT OFFICE 365<\/strong><\/p>\n<p style=\"text-align: center;\"><strong>MESSAGERIE S\u00c9CURIS\u00c9E EN NUAGE\u00a0<\/strong><\/p>\n<p style=\"text-align: center;\"><strong>VPN, RDP TEAMS<\/strong><\/p>\n<h4 style=\"text-align: center;\"><a href=\"https:\/\/softflow.ca\/fr\/services\/externalisation\/\"><strong>VOIR PLUS<\/strong><\/a><\/h4>\n<p>[\/vc_hoverbox][\/vc_column][vc_column width=&#8221;1\/3&#8243; dfd_column_responsive_enable=&#8221;dfd-column-responsive-enable&#8221; css=&#8221;.vc_custom_1521908137742{padding-right: 1% !important;padding-left: 1% !important;background-color: #ffffff !important;}&#8221; responsive_styles=&#8221;padding_left_tablet:10|padding_right_tablet:10|margin_top_mobile:10|padding_left_mobile:10|padding_right_mobile:10&#8243;][vc_hoverbox image=&#8221;852&#8243; primary_title=&#8221;<strong>SUPPORT TI 24H<\/strong>&#8221; hover_title=&#8221;&#8221; hover_background_color=&#8221;sky&#8221;]<\/p>\n<p style=\"text-align: center;\"><strong>ASSISTANCE INFORMATIQUE 24H <\/strong><\/p>\n<p style=\"text-align: center;\"><strong>SERVICE INFORMATIQUE 24H<\/strong><\/p>\n<p style=\"text-align: center;\"><strong>\u00a0SUPPORT INFORMATIQUE 24H<\/strong><\/p>\n<p style=\"text-align: center;\"><strong>INTERVENTION SUR PLACE ET\/OU \u00c0 DISTANCE<\/strong><\/p>\n<h4 style=\"text-align: center;\"><a href=\"https:\/\/softflow.ca\/fr\/services\/\"><strong>VOIR PLUS<\/strong><\/a><\/h4>\n<p>[\/vc_hoverbox][\/vc_column][vc_column width=&#8221;1\/3&#8243; dfd_column_responsive_enable=&#8221;dfd-column-responsive-enable&#8221; css=&#8221;.vc_custom_1521908144417{padding-right: 1% !important;padding-left: 1% !important;background-color: #ffffff !important;}&#8221; responsive_styles=&#8221;padding_left_tablet:10|padding_right_tablet:10|margin_top_mobile:10|padding_left_mobile:10|padding_right_mobile:10&#8243;][vc_hoverbox image=&#8221;844&#8243; primary_title=&#8221;<strong>PROT\u00c9GER VOTRE R\u00c9SEAU<\/strong>&#8221; hover_title=&#8221;&#8221; hover_background_color=&#8221;sky&#8221;]<\/p>\n<p style=\"text-align: center;\"><strong>PROTECTION DES DONN\u00c9ES<\/strong><\/p>\n<p style=\"text-align: center;\"><strong>EX\u00c9CUTION DES MISES \u00c0 JOURS<\/strong><\/p>\n<p style=\"text-align: center;\"><strong>SAUVEGARDE EN NUAGE\u00a0<\/strong><\/p>\n<p style=\"text-align: center;\"><strong>REPRISE DE DONN\u00c9ES APR\u00c8S SINISTRE<\/strong><\/p>\n<h4 style=\"text-align: center;\"><a href=\"https:\/\/softflow.ca\/fr\/services\/sauvegarde-et-recuperation-de-donnees\/\"><strong>VOIR PLUS<\/strong><\/a><\/h4>\n<p>[\/vc_hoverbox][\/vc_column][\/vc_row][vc_row force_equal_height_columns=&#8221;main_row&#8221; dfd_row_config=&#8221;full_width_content&#8221; dfd_row_responsive_enable=&#8221;dfd-row-responsive-enable&#8221; extra_css_styles=&#8221;z-index:100&#8243; bg_check=&#8221;row-background-dark&#8221; responsive_styles=&#8221;padding_left_desktop:10|padding_right_desktop:10|padding_left_tablet:10|padding_right_tablet:10|padding_left_mobile:10|padding_right_mobile:10&#8243; css=&#8221;.vc_custom_1521915876846{margin-bottom: 30px !important;}&#8221;][vc_column width=&#8221;1\/3&#8243; dfd_column_responsive_enable=&#8221;dfd-column-responsive-enable&#8221; css=&#8221;.vc_custom_1521908151096{padding-right: 1% !important;padding-left: 1% !important;background-color: #ffffff !important;}&#8221; responsive_styles=&#8221;padding_left_tablet:10|padding_right_tablet:10|margin_top_mobile:10|padding_left_mobile:10|padding_right_mobile:10&#8243;][vc_hoverbox image=&#8221;845&#8243; primary_title=&#8221;<strong>ERP \/ CRM<\/strong>&#8221; hover_title=&#8221;&#8221; hover_background_color=&#8221;sky&#8221;]<\/p>\n<p style=\"text-align: center;\"><strong>\u00a0FINANCE<\/strong><\/p>\n<p style=\"text-align: center;\"><strong>COMPTABILIT\u00c9<\/strong><\/p>\n<p style=\"text-align: center;\"><strong>INVENTAIRE<\/strong><\/p>\n<p style=\"text-align: center;\"><strong>RESSOURCE HUMAINE<\/strong><\/p>\n<h4 style=\"text-align: center;\"><a href=\"https:\/\/softflow.ca\/fr\/services\/implementation-erp\/\"><strong>VOIR PLUS<\/strong><\/a><\/h4>\n<p>[\/vc_hoverbox][\/vc_column][vc_column width=&#8221;1\/3&#8243; dfd_column_responsive_enable=&#8221;dfd-column-responsive-enable&#8221; css=&#8221;.vc_custom_1521908157089{padding-right: 1% !important;padding-left: 1% !important;background-color: #ffffff !important;}&#8221; responsive_styles=&#8221;padding_left_tablet:10|padding_right_tablet:10|margin_top_mobile:10|padding_left_mobile:10|padding_right_mobile:10&#8243;][vc_hoverbox image=&#8221;846&#8243; primary_title=&#8221;<strong>C\u00c2BLAGE R\u00c9SEAU<\/strong>&#8221; hover_title=&#8221;&#8221; hover_background_color=&#8221;sky&#8221;]<\/p>\n<p style=\"text-align: center;\"><strong>C\u00c2BLAGE STRUCTUR\u00c9<\/strong><\/p>\n<p style=\"text-align: center;\"><strong>SWITCH PATCH PANEL<\/strong><\/p>\n<p style=\"text-align: center;\"><strong>RACK \u00c0 SERVEUR CABINETS<\/strong><\/p>\n<p style=\"text-align: center;\"><strong>\u00c9TIQUETAGE DE C\u00c2BLES<\/strong><\/p>\n<h4 style=\"text-align: center;\"><a href=\"https:\/\/softflow.ca\/fr\/cablage-montreal\/\"><strong>VOIR PLUS<\/strong><\/a><\/h4>\n<p>[\/vc_hoverbox][\/vc_column][vc_column width=&#8221;1\/3&#8243; dfd_column_responsive_enable=&#8221;dfd-column-responsive-enable&#8221; css=&#8221;.vc_custom_1521908162847{padding-right: 1% !important;padding-left: 1% !important;background-color: #ffffff !important;}&#8221; responsive_styles=&#8221;padding_left_tablet:10|padding_right_tablet:10|margin_top_mobile:10|padding_left_mobile:10|padding_right_mobile:10&#8243;][vc_hoverbox image=&#8221;847&#8243; primary_title=&#8221;<strong>INFO G\u00c9RANCE<\/strong>&#8221; hover_title=&#8221;&#8221; hover_background_color=&#8221;sky&#8221;]<\/p>\n<p style=\"text-align: center;\"><strong>INFRASTRUCTURE INFORMATIQUE\u00a0<\/strong><\/p>\n<p style=\"text-align: center;\"><strong>GESTION DES PROJETS TI <\/strong><\/p>\n<p style=\"text-align: center;\"><strong>PLANIFICATION DES RESSOURCES <\/strong><\/p>\n<p style=\"text-align: center;\"><strong>DOCUMENTATION ONBOARDING<\/strong><\/p>\n<h4 style=\"text-align: center;\"><a href=\"https:\/\/softflow.ca\/fr\/services\/gestion-des-infrastructures\/\"><strong>VOIR PLUS<\/strong><\/a><\/h4>\n<p>[\/vc_hoverbox][\/vc_column][\/vc_row]<br \/>\n<iframe loading=\"lazy\" style=\"border: 0;\" src=\"https:\/\/www.google.com\/maps\/embed?pb=!1m18!1m12!1m3!1d2797.253675146376!2d-73.70916048444194!3d45.48483617910107!2m3!1f0!2f0!3f0!3m2!1i1024!2i768!4f13.1!3m3!1m2!1s0x0%3A0xc1af54015cdd450c!2s%F0%9F%92%BB%20Service%20Informatique%20Montreal%2024H%20IT%20Support%20Cybers%C3%A9curit%C3%A9%20SOFTFLOW%20Cybersecurity%20Managed%20IT%20Services!5e0!3m2!1sen!2sca!4v1645497551035!5m2!1sen!2sca\" width=\"2100\" height=\"600\" allowfullscreen=\"allowfullscreen\"><span data-mce-type=\"bookmark\" style=\"display: inline-block; width: 0px; overflow: hidden; line-height: 0;\" class=\"mce_SELRES_start\">\ufeff<\/span><span data-mce-type=\"bookmark\" style=\"display: inline-block; width: 0px; overflow: hidden; line-height: 0;\" class=\"mce_SELRES_start\">\ufeff<\/span><\/iframe><\/p>\n<\/div>","protected":false},"excerpt":{"rendered":"<p>Service Informatique Montr\u00e9al-Laval-Quebec &nbsp; [vc_row force_equal_height_columns=&#8221;main_row&#8221; dfd_row_config=&#8221;full_width_content&#8221; dfd_row_responsive_enable=&#8221;dfd-row-responsive-enable&#8221; extra_css_styles=&#8221;z-index:100&#8243; bg_check=&#8221;row-background-dark&#8221; responsive_styles=&#8221;padding_left_desktop:10|padding_right_desktop:10|padding_left_tablet:10|padding_right_tablet:10|padding_left_mobile:10|padding_right_mobile:10&#8243; css=&#8221;.vc-hoverbox-inner { min-height:275px!important; }.vc_custom_1521916339284{margin-top: 5px !important;margin-bottom: 5px !important;}&#8221;][vc_column width=&#8221;1\/3&#8243; dfd_column_responsive_enable=&#8221;dfd-column-responsive-enable&#8221; css=&#8221;.vc_custom_1521908137742{padding-right: 1% !important;padding-left: 1% !important;background-color: #ffffff !important;}&#8221; responsive_styles=&#8221;padding_left_tablet:5|padding_right_tablet:5|margin_top_mobile:10|padding_left_mobile:5|padding_right_mobile:5&#8243;][vc_hoverbox image=&#8221;848&#8243;<\/p>\n","protected":false},"author":3,"featured_media":2400,"parent":0,"menu_order":3,"comment_status":"closed","ping_status":"closed","template":"page-custom-with-header.php","meta":{"_acf_changed":false,"nf_dc_page":"","_monsterinsights_skip_tracking":false,"_monsterinsights_sitenote_active":false,"_monsterinsights_sitenote_note":"","_monsterinsights_sitenote_category":0,"footnotes":""},"class_list":["post-938","page","type-page","status-publish","has-post-thumbnail","hentry"],"acf":[],"_links":{"self":[{"href":"https:\/\/softflow.ca\/fr\/wp-json\/wp\/v2\/pages\/938","targetHints":{"allow":["GET"]}}],"collection":[{"href":"https:\/\/softflow.ca\/fr\/wp-json\/wp\/v2\/pages"}],"about":[{"href":"https:\/\/softflow.ca\/fr\/wp-json\/wp\/v2\/types\/page"}],"author":[{"embeddable":true,"href":"https:\/\/softflow.ca\/fr\/wp-json\/wp\/v2\/users\/3"}],"replies":[{"embeddable":true,"href":"https:\/\/softflow.ca\/fr\/wp-json\/wp\/v2\/comments?post=938"}],"version-history":[{"count":21,"href":"https:\/\/softflow.ca\/fr\/wp-json\/wp\/v2\/pages\/938\/revisions"}],"predecessor-version":[{"id":5918,"href":"https:\/\/softflow.ca\/fr\/wp-json\/wp\/v2\/pages\/938\/revisions\/5918"}],"wp:featuredmedia":[{"embeddable":true,"href":"https:\/\/softflow.ca\/fr\/wp-json\/wp\/v2\/media\/2400"}],"wp:attachment":[{"href":"https:\/\/softflow.ca\/fr\/wp-json\/wp\/v2\/media?parent=938"}],"curies":[{"name":"wp","href":"https:\/\/api.w.org\/{rel}","templated":true}]}}