{"id":934,"date":"2017-12-20T22:21:03","date_gmt":"2017-12-21T03:21:03","guid":{"rendered":"https:\/\/softflow.ca\/consultancy\/"},"modified":"2023-03-20T15:49:22","modified_gmt":"2023-03-20T19:49:22","slug":"consultant-informatique-montreal","status":"publish","type":"page","link":"https:\/\/softflow.ca\/fr\/consultant-informatique-montreal\/","title":{"rendered":"CONSULTANT TI"},"content":{"rendered":"<div class=\"wpb-content-wrapper\"><p><img decoding=\"async\" loading=\"lazy\" class=\"aligncenter size-full wp-image-3161\" src=\"https:\/\/softflow.ca\/wp-content\/uploads\/2022\/06\/hacker-1.gif\" alt=\"\" width=\"1780\" height=\"400\" \/><\/p>\n<p><img decoding=\"async\" loading=\"lazy\" class=\"size-full wp-image-3779\" src=\"https:\/\/softflow.ca\/wp-content\/uploads\/2022\/08\/it-support-it-services-SoftFlow-1.jpg\" alt=\"\" width=\"1780\" height=\"350\" \/><\/p>\n<p>[vc_row dfd_row_config=&#8221;full_width_content_paddings&#8221; dfd_row_responsive_enable=&#8221;dfd-row-responsive-enable&#8221; dfd_bg_style=&#8221;image&#8221; dfd_parallax_style=&#8221;dfd_animated_bg&#8221; dfd_bg_image_new=&#8221;152&#8243; dfd_bg_image_size=&#8221;initial&#8221; dfd_parallax_sense=&#8221;50&#8243; dfd_enable_overlay=&#8221;&#8221; css=&#8221;.vc_custom_1506995163520{padding-right: 8% !important;padding-left: 8% !important;background-position: 0 0 !important;background-repeat: no-repeat !important;}&#8221; dfd_bg_image_new_responsive=&#8221;152&#8243;][vc_column el_class=&#8221;dfd_col-tablet-12&#8243; offset=&#8221;vc_col-lg-12 vc_col-md-12 vc_col-xs-12&#8243;]<div class=\"dfd-spacer-module\"  data-units=\"px\" data-wide_resolution=\"1280\" data-wide_size=\"75\" data-normal_resolution=\"1024\" data-normal_size=\"75\" data-tablet_resolution=\"800\" data-tablet_size=\"70\" data-mobile_resolution=\"480\" data-mobile_size=\"70\" style=\"height: 75px;\"><\/div>[vc_column_text]<\/p>\n<h3 style=\"text-align: center;\"><span style=\"color: #19a4c6;\">Consultant <\/span>Informatique Montr\u00e9al &#8211; <span style=\"color: #19a4c6;\">Laval &#8211; <\/span>Qu\u00e9bec<\/h3>\n<p>&nbsp;<\/p>\n<h4 style=\"text-align: center;\">INT\u00c9GRATION \/ <span style=\"color: #19a4c6;\">ONBOARDING :<\/span><\/h4>\n<p>&nbsp;<\/p>\n<h4 style=\"text-align: left;\">A- \u00c9valuation<\/h4>\n<ul>\n<li style=\"text-align: left;\">Notre \u00e9quipe de services professionnels est enti\u00e8rement responsable de l&#8217;acc\u00e8s \u00e0 l&#8217;environnement informatique des clients. Nous assistons la phase de pr\u00e9conception qui est au c\u0153ur de chaque projet.<\/li>\n<\/ul>\n<p>&nbsp;<\/p>\n<h4 style=\"text-align: left;\">B- Recommandation<\/h4>\n<ul>\n<li style=\"text-align: left;\">Bas\u00e9e sur l&#8217;\u00e9valuation, la recommandation est la phase d&#8217;attribution de la meilleure solution adapt\u00e9e \u00e0 votre environnement afin de vous fournir le meilleur logiciel r\u00e9pondant aux crit\u00e8res requis.<\/li>\n<\/ul>\n<p>&nbsp;<\/p>\n<h4 style=\"text-align: left;\">C- Architecture<\/h4>\n<ul>\n<li style=\"text-align: left;\">Conception bas\u00e9e sur notre analyse. Notre \u00e9quipe de services professionnels produit un sch\u00e9ma de conception qui est la feuille de route pour la solution recommand\u00e9e en utilisant les meilleures pratiques d&#8217;affaires.<\/li>\n<\/ul>\n<p>&nbsp;<\/p>\n<h3><\/h3>\n<h4 style=\"text-align: left;\">D- Assurance<\/h4>\n<ul>\n<li style=\"text-align: left;\">Suivi et maintenance de la solution recommand\u00e9e et con\u00e7ue en testant la solution et en s&#8217;assurant \u00e0 100% qu&#8217;elle fonctionne pleinement et efficacement.<\/li>\n<\/ul>\n<p>&nbsp;<\/p>\n<h3><\/h3>\n<h4 style=\"text-align: left;\">E- Assistance \u00e0 la demande de proposition<\/h4>\n<ul>\n<li style=\"text-align: left;\">En comprenant vos besoins commerciaux et techniques, Soft Flow peut vous aider \u00e0 d\u00e9finir votre demande de propositions.<\/li>\n<\/ul>\n<p>&nbsp;<\/p>\n<p>[\/vc_column_text]<div class=\"dfd-spacer-module\"  data-units=\"px\" data-wide_resolution=\"1280\" data-wide_size=\"75\" data-normal_resolution=\"1024\" data-normal_size=\"75\" data-tablet_resolution=\"800\" data-tablet_size=\"70\" data-mobile_resolution=\"480\" data-mobile_size=\"70\" style=\"height: 75px;\"><\/div>[\/vc_column][\/vc_row][vc_row force_equal_height_columns=&#8221;main_row&#8221; dfd_row_config=&#8221;full_width_content&#8221; bg_check=&#8221;row-background-dark&#8221; css=&#8221;.vc_custom_1513910512147{background-color: #2ea2cc !important;}&#8221; mobile_destroy_equal_heights=&#8221;yes&#8221;][vc_column width=&#8221;1\/2&#8243; dfd_column_responsive_enable=&#8221;dfd-column-responsive-enable&#8221; css=&#8221;.vc_custom_1505221114759{padding-right: 6% !important;padding-left: 6% !important;}&#8221; el_class=&#8221;dfd_col-tablet-8&#8243; offset=&#8221;vc_col-lg-6 vc_col-md-6 vc_col-xs-12&#8243; responsive_styles=&#8221;padding_left_mobile:20|padding_right_mobile:20&#8243;]<div class=\"dfd-spacer-module\"  data-units=\"px\" data-wide_resolution=\"1280\" data-wide_size=\"60\" data-normal_resolution=\"1024\" data-normal_size=\"60\" data-tablet_resolution=\"800\" data-tablet_size=\"50\" data-mobile_resolution=\"480\" data-mobile_size=\"40\" style=\"height: 60px;\"><\/div><div class=\"dfd-heading-shortcode\"><div class=\"dfd-heading-module-wrap  text-left style_01 dfd-heading-69e91923f3f8d dfd-disable-resposive-headings\" id=\"dfd-heading-69e91923f3f8d\" ><div class=\"inline-block\"><div class=\"dfd-heading-module\"><h5 class=\"widget-title dfd-title \" style=\"font-size: 35px; line-height: 40px; font-weight:bold; \"><strong>APPELEZ-NOUS POUR UNE CONSULTATION GRATUITE!<\/strong><\/h5><\/div><\/div><\/div><script type=\"text\/javascript\">\r\n\t\t\t\t\t\t\t\t\t(function($) {\r\n\t\t\t\t\t\t\t\t\t\t$(\"head\").append(\"<style>.dfd-heading-69e91923f3f8d.dfd-heading-module-wrap .dfd-heading-module .dfd-heading-delimiter {margin-top:10px;margin-bottom:10px;}@media (max-width: 799px){.dfd-heading-69e91923f3f8d .dfd-title{font-size: 34px !important;}}<\/style>\");\r\n\t\t\t\t\t\t\t\t\t})(jQuery);\r\n\t\t\t\t\t\t\t\t<\/script><\/div><div class=\"dfd-spacer-module\"  data-units=\"px\" data-wide_resolution=\"1280\" data-wide_size=\"55\" data-normal_resolution=\"1024\" data-normal_size=\"55\" data-tablet_resolution=\"800\" data-tablet_size=\"40\" data-mobile_resolution=\"480\" data-mobile_size=\"40\" style=\"height: 55px;\"><\/div>[\/vc_column][vc_column width=&#8221;1\/2&#8243; dfd_column_responsive_enable=&#8221;dfd-column-responsive-enable&#8221; el_class=&#8221;dfd_col-tablet-4&#8243; offset=&#8221;vc_col-lg-6 vc_col-md-6 vc_col-xs-12&#8243; responsive_styles=&#8221;padding_left_mobile:20|padding_right_mobile:20&#8243;][vc_row_inner][vc_column_inner]<div id=\"dfd-button-69e91923f41f4\" class=\"dfd-button-module-wrap dfd-button-69e91923f41f4\"><div class=\"dfd-button-module  style_1 text-center dfd-horizontal dfd-top-to-bottom dfd-button-icon-right dfd-button-icon-hover-simple\" ><a href=\"https:\/\/softflow.ca\/fr\/nous-joindre\/\" class=\"dfd-button-link\"><span class=\"dfd-button-inner-cover\"><span class=\"dfd-button-text-main\"><strong>CONTACTEZ-NOUS<\/strong><i class=\"typcn typcn-arrow-right\"><\/i><\/span><\/span><\/a><\/div><script type=\"text\/javascript\">\r\n\t\t\t\t\t\t\t\t\t(function($) {$(\"head\").append(\"<style>#dfd-button-69e91923f41f4.dfd-button-module-wrap .dfd-button-module .dfd-button-link .dfd-button-inner-cover span i, .dfd-button-69e91923f41f4.dfd-button-module-wrap .dfd-button-module .dfd-button-link .dfd-button-inner-cover span i {font-size: 22px;}#dfd-button-69e91923f41f4.dfd-button-module-wrap .dfd-button-module .dfd-button-link .dfd-button-inner-cover .dfd-button-text-main, .dfd-button-69e91923f41f4.dfd-button-module-wrap .dfd-button-module .dfd-button-link .dfd-button-inner-cover .dfd-button-text-main, .dfd-button-69e91923f41f4.dfd-button-module-wrap .dfd-button-module .dfd-button-link .dfd-button-inner-cover .dfd-button-text-hover, #dfd-button-69e91923f41f4.dfd-button-module-wrap .dfd-button-module .dfd-button-link .dfd-button-inner-cover .dfd-button-text-hover {padding-left: 65px;}#dfd-button-69e91923f41f4.dfd-button-module-wrap .dfd-button-module .dfd-button-link .dfd-button-inner-cover .dfd-button-text-main, .dfd-button-69e91923f41f4.dfd-button-module-wrap .dfd-button-module .dfd-button-link .dfd-button-inner-cover .dfd-button-text-main, .dfd-button-69e91923f41f4.dfd-button-module-wrap .dfd-button-module .dfd-button-link .dfd-button-inner-cover .dfd-button-text-hover, #dfd-button-69e91923f41f4.dfd-button-module-wrap .dfd-button-module .dfd-button-link .dfd-button-inner-cover .dfd-button-text-hover {padding-right: 65px;}#dfd-button-69e91923f41f4.dfd-button-module-wrap .dfd-button-module .dfd-button-link .dfd-button-inner-cover .dfd-button-text-main, .dfd-button-69e91923f41f4.dfd-button-module-wrap .dfd-button-module .dfd-button-link .dfd-button-inner-cover .dfd-button-text-main, .dfd-button-69e91923f41f4.dfd-button-module-wrap .dfd-button-module .dfd-button-link .dfd-button-inner-cover .dfd-button-text-hover, #dfd-button-69e91923f41f4.dfd-button-module-wrap .dfd-button-module .dfd-button-link .dfd-button-inner-cover .dfd-button-text-hover {line-height: 35px; }#dfd-button-69e91923f41f4.dfd-button-module-wrap .dfd-button-module .dfd-button-link .dfd-button-inner-cover .dfd-button-text-main,.dfd-button-69e91923f41f4.dfd-button-module-wrap .dfd-button-module .dfd-button-link .dfd-button-inner-cover .dfd-button-text-main {color: #19a4c6}#dfd-button-69e91923f41f4.dfd-button-module-wrap .dfd-button-module .dfd-button-link .dfd-button-inner-cover,.dfd-button-69e91923f41f4.dfd-button-module-wrap .dfd-button-module .dfd-button-link .dfd-button-border-decoration,.dfd-button-69e91923f41f4.dfd-button-module-wrap .dfd-button-module .dfd-button-link .dfd-button-inner-cover {border-radius:0px;}#dfd-button-69e91923f41f4.dfd-button-module-wrap .dfd-button-module:not(.style_4) .dfd-button-link .dfd-button-inner-cover:before,#dfd-button-69e91923f41f4.dfd-button-module-wrap .dfd-button-module.style_4 .dfd-button-link .dfd-button-inner-cover:after,#dfd-button-69e91923f41f4.dfd-button-module-wrap .dfd-button-module.style_6 .dfd-button-link .dfd-button-inner-cover .dfd-button-text-main,.dfd-button-69e91923f41f4.dfd-button-module-wrap .dfd-button-module:not(.style_4) .dfd-button-link .dfd-button-inner-cover:before,.dfd-button-69e91923f41f4.dfd-button-module-wrap .dfd-button-module.style_4 .dfd-button-link .dfd-button-inner-cover:after,.dfd-button-69e91923f41f4.dfd-button-module-wrap .dfd-button-module.style_6 .dfd-button-link .dfd-button-inner-cover .dfd-button-text-main {background: #ffffff;border-style:solid;border-width:1px;border-radius:0px;border-color:rgba(255,255,255,0.3);}#dfd-button-69e91923f41f4.dfd-button-module-wrap .dfd-button-module:not(.style_6) .dfd-button-link:hover .dfd-button-inner-cover .dfd-button-text-main,#dfd-button-69e91923f41f4.dfd-button-module-wrap .dfd-button-module .dfd-button-link .dfd-button-inner-cover .dfd-button-text-hover,.dfd-button-69e91923f41f4.dfd-button-module-wrap .dfd-button-module:not(.style_6) .dfd-button-link:hover .dfd-button-inner-cover .dfd-button-text-main,.dfd-button-69e91923f41f4.dfd-button-module-wrap .dfd-button-module .dfd-button-link .dfd-button-inner-cover .dfd-button-text-hover {color: #ffffff;}#dfd-button-69e91923f41f4.dfd-button-module-wrap .dfd-button-module .dfd-button-link:hover .dfd-button-inner-cover,.dfd-button-69e91923f41f4.dfd-button-module-wrap .dfd-button-module .dfd-button-link:hover .dfd-button-border-decoration,.dfd-button-69e91923f41f4.dfd-button-module-wrap .dfd-button-module .dfd-button-link:hover .dfd-button-inner-cover {border-radius:0px;}#dfd-button-69e91923f41f4.dfd-button-module-wrap .dfd-button-module:not(.style_4) .dfd-button-link .dfd-button-inner-cover:after,#dfd-button-69e91923f41f4.dfd-button-module-wrap .dfd-button-module.style_4 .dfd-button-link .dfd-button-inner-cover:before,#dfd-button-69e91923f41f4.dfd-button-module-wrap .dfd-button-module .dfd-button-link .dfd-button-inner-cover .dfd-button-text-hover .dfd-button-69e91923f41f4.dfd-button-module-wrap .dfd-button-module:not(.style_4) .dfd-button-link .dfd-button-inner-cover:after,.dfd-button-69e91923f41f4.dfd-button-module-wrap .dfd-button-module.style_4 .dfd-button-link .dfd-button-inner-cover:before,.dfd-button-69e91923f41f4.dfd-button-module-wrap .dfd-button-module .dfd-button-link .dfd-button-inner-cover .dfd-button-text-hover {background: #19a4c6;border-style:solid;border-width:1px;border-radius:0px;border-color:#ffffff;}#dfd-button-69e91923f41f4.dfd-button-module-wrap .dfd-button-module.style_3 .dfd-button-link:hover .dfd-button-inner-cover:before,#dfd-button-69e91923f41f4.dfd-button-module-wrap .dfd-button-module.style_4 .dfd-button-link:hover .dfd-button-inner-cover:before,.dfd-button-69e91923f41f4.dfd-button-module-wrap .dfd-button-module.style_3 .dfd-button-link:hover .dfd-button-inner-cover:before,.dfd-button-69e91923f41f4.dfd-button-module-wrap .dfd-button-module.style_4 .dfd-button-link:hover .dfd-button-inner-cover:before {border-style:solid;border-width:1px;border-radius:0px;border-color:#ffffff;}#dfd-button-69e91923f41f4.dfd-button-module-wrap .dfd-button-module .dfd-button-link .dfd-button-inner-cover .dfd-button-text-main i,.dfd-button-69e91923f41f4.dfd-button-module-wrap .dfd-button-module .dfd-button-link .dfd-button-inner-cover .dfd-button-text-main i {color: #297d8e;}<\/style>\")\r\n\t\t\t\t\t\t\t\t\t})(jQuery);\r\n\t\t\t\t\t\t\t\t<\/script><\/div><div class=\"dfd-spacer-module\"  data-units=\"px\" data-wide_resolution=\"1280\" data-wide_size=\"0\" data-normal_resolution=\"1024\" data-normal_size=\"0\" data-tablet_resolution=\"800\" data-tablet_size=\"0\" data-mobile_resolution=\"480\" data-mobile_size=\"40\" style=\"height: 0px;\"><\/div>[\/vc_column_inner][\/vc_row_inner][\/vc_column][\/vc_row]<br \/>\n<iframe loading=\"lazy\" style=\"border: 0;\" src=\"https:\/\/www.google.com\/maps\/embed?pb=!1m18!1m12!1m3!1d2797.253675146376!2d-73.70916048444194!3d45.48483617910107!2m3!1f0!2f0!3f0!3m2!1i1024!2i768!4f13.1!3m3!1m2!1s0x0%3A0xc1af54015cdd450c!2s%F0%9F%92%BB%20Service%20Informatique%20Montreal%2024H%20IT%20Support%20Cybers%C3%A9curit%C3%A9%20SOFTFLOW%20Cybersecurity%20Managed%20IT%20Services!5e0!3m2!1sen!2sca!4v1645497551035!5m2!1sen!2sca\" width=\"2100\" height=\"600\" allowfullscreen=\"allowfullscreen\"><span data-mce-type=\"bookmark\" style=\"display: inline-block; width: 0px; overflow: hidden; line-height: 0;\" class=\"mce_SELRES_start\">\ufeff<\/span><span data-mce-type=\"bookmark\" style=\"display: inline-block; width: 0px; overflow: hidden; line-height: 0;\" class=\"mce_SELRES_start\">\ufeff<\/span><\/iframe><\/p>\n<\/div>","protected":false},"excerpt":{"rendered":"<p>[vc_row dfd_row_config=&#8221;full_width_content_paddings&#8221; dfd_row_responsive_enable=&#8221;dfd-row-responsive-enable&#8221; dfd_bg_style=&#8221;image&#8221; dfd_parallax_style=&#8221;dfd_animated_bg&#8221; dfd_bg_image_new=&#8221;152&#8243; dfd_bg_image_size=&#8221;initial&#8221; dfd_parallax_sense=&#8221;50&#8243; dfd_enable_overlay=&#8221;&#8221; css=&#8221;.vc_custom_1506995163520{padding-right: 8% !important;padding-left: 8% !important;background-position: 0 0 !important;background-repeat: no-repeat !important;}&#8221; dfd_bg_image_new_responsive=&#8221;152&#8243;][vc_column el_class=&#8221;dfd_col-tablet-12&#8243; offset=&#8221;vc_col-lg-12 vc_col-md-12 vc_col-xs-12&#8243;][vc_column_text] Consultant Informatique Montr\u00e9al &#8211; Laval &#8211;<\/p>\n","protected":false},"author":3,"featured_media":4917,"parent":0,"menu_order":3,"comment_status":"closed","ping_status":"closed","template":"page-custom-with-header.php","meta":{"_acf_changed":false,"nf_dc_page":"","_monsterinsights_skip_tracking":false,"_monsterinsights_sitenote_active":false,"_monsterinsights_sitenote_note":"","_monsterinsights_sitenote_category":0,"footnotes":""},"class_list":["post-934","page","type-page","status-publish","has-post-thumbnail","hentry"],"acf":[],"_links":{"self":[{"href":"https:\/\/softflow.ca\/fr\/wp-json\/wp\/v2\/pages\/934","targetHints":{"allow":["GET"]}}],"collection":[{"href":"https:\/\/softflow.ca\/fr\/wp-json\/wp\/v2\/pages"}],"about":[{"href":"https:\/\/softflow.ca\/fr\/wp-json\/wp\/v2\/types\/page"}],"author":[{"embeddable":true,"href":"https:\/\/softflow.ca\/fr\/wp-json\/wp\/v2\/users\/3"}],"replies":[{"embeddable":true,"href":"https:\/\/softflow.ca\/fr\/wp-json\/wp\/v2\/comments?post=934"}],"version-history":[{"count":21,"href":"https:\/\/softflow.ca\/fr\/wp-json\/wp\/v2\/pages\/934\/revisions"}],"predecessor-version":[{"id":3383,"href":"https:\/\/softflow.ca\/fr\/wp-json\/wp\/v2\/pages\/934\/revisions\/3383"}],"wp:featuredmedia":[{"embeddable":true,"href":"https:\/\/softflow.ca\/fr\/wp-json\/wp\/v2\/media\/4917"}],"wp:attachment":[{"href":"https:\/\/softflow.ca\/fr\/wp-json\/wp\/v2\/media?parent=934"}],"curies":[{"name":"wp","href":"https:\/\/api.w.org\/{rel}","templated":true}]}}