{"id":933,"date":"2017-12-20T22:21:56","date_gmt":"2017-12-21T03:21:56","guid":{"rendered":"https:\/\/softflow.ca\/outsourcing\/"},"modified":"2023-03-20T03:34:46","modified_gmt":"2023-03-20T07:34:46","slug":"partenaire-microsoft-montreal","status":"publish","type":"page","link":"https:\/\/softflow.ca\/fr\/partenaire-microsoft-montreal\/","title":{"rendered":"PARTENAIRE MICROSOFT"},"content":{"rendered":"<div class=\"wpb-content-wrapper\"><p>&nbsp;<\/p>\n<p><img decoding=\"async\" loading=\"lazy\" class=\"aligncenter size-full wp-image-2480\" src=\"https:\/\/softflow.ca\/wp-content\/uploads\/2022\/06\/1634821496927.gif\" alt=\"\" width=\"1780\" height=\"400\" \/><\/p>\n<p><img decoding=\"async\" loading=\"lazy\" class=\"aligncenter size-full wp-image-2459\" src=\"https:\/\/softflow.ca\/wp-content\/uploads\/2022\/06\/Office-365-En-la-nube.png\" alt=\"\" width=\"880\" height=\"440\" srcset=\"https:\/\/softflow.ca\/wp-content\/uploads\/2022\/06\/Office-365-En-la-nube.png 880w, https:\/\/softflow.ca\/wp-content\/uploads\/2022\/06\/Office-365-En-la-nube-300x150.png 300w, https:\/\/softflow.ca\/wp-content\/uploads\/2022\/06\/Office-365-En-la-nube-768x384.png 768w\" sizes=\"auto, (max-width: 880px) 100vw, 880px\" \/>[vc_row dfd_row_config=&#8221;full_width_content_paddings&#8221; dfd_row_responsive_enable=&#8221;dfd-row-responsive-enable&#8221; dfd_bg_style=&#8221;image&#8221; dfd_parallax_style=&#8221;dfd_animated_bg&#8221; dfd_bg_image_new=&#8221;152&#8243; dfd_bg_image_size=&#8221;initial&#8221; dfd_parallax_sense=&#8221;50&#8243; dfd_enable_overlay=&#8221;&#8221; css=&#8221;.vc_custom_1506995163520{padding-right: 8% !important;padding-left: 8% !important;background-position: 0 0 !important;background-repeat: no-repeat !important;}&#8221; dfd_bg_image_new_responsive=&#8221;152&#8243;][vc_column el_class=&#8221;dfd_col-tablet-12&#8243; offset=&#8221;vc_col-lg-12 vc_col-md-12 vc_col-xs-12&#8243;]<div class=\"dfd-spacer-module\"  data-units=\"px\" data-wide_resolution=\"1280\" data-wide_size=\"75\" data-normal_resolution=\"1024\" data-normal_size=\"75\" data-tablet_resolution=\"800\" data-tablet_size=\"70\" data-mobile_resolution=\"480\" data-mobile_size=\"70\" style=\"height: 75px;\"><\/div>[vc_column_text]<\/p>\n<h4 style=\"text-align: center;\"><span class=\"Y2IQFc\" lang=\"fr\"><span class=\"Y2IQFc\" lang=\"fr\"><strong><img decoding=\"async\" loading=\"lazy\" class=\"aligncenter size-full wp-image-2701\" src=\"https:\/\/softflow.ca\/wp-content\/uploads\/2022\/06\/Microsoft-365_softflow_G-removebg-preview-1.png\" alt=\"\" width=\"544\" height=\"320\" srcset=\"https:\/\/softflow.ca\/wp-content\/uploads\/2022\/06\/Microsoft-365_softflow_G-removebg-preview-1.png 544w, https:\/\/softflow.ca\/wp-content\/uploads\/2022\/06\/Microsoft-365_softflow_G-removebg-preview-1-300x176.png 300w\" sizes=\"auto, (max-width: 544px) 100vw, 544px\" \/><\/strong><\/span><\/span><\/h4>\n<h2 style=\"text-align: center;\"><b>CERTIFI\u00c9 <span style=\"color: #19a4c6;\">MICROSOFT <\/span><\/b><b>\u00a0<\/b><\/h2>\n<h4 style=\"text-align: center;\"><span class=\"Y2IQFc\" lang=\"fr\"><span class=\"Y2IQFc\" lang=\"fr\"><strong>\u00a0<\/strong><\/span><\/span><\/h4>\n<h4 style=\"text-align: center;\"><span class=\"Y2IQFc\" lang=\"fr\"><span class=\"Y2IQFc\" lang=\"fr\"><strong>PRINCIPAUX<span style=\"color: #19a4c6;\"> AVANTAGES<\/span> DE L&#8217;UTILISATION DE <span style=\"color: #19a4c6;\"> MICROSOFT <\/span> OFFICE 365<\/strong><\/span><\/span><\/h4>\n<p>&nbsp;<\/p>\n<ul>\n<li style=\"text-align: left;\"><span class=\"Y2IQFc\" lang=\"fr\"><span class=\"Y2IQFc\" lang=\"fr\">Microsoft 365 offre aux entreprises de nombreux avantages qui les aident \u00e0 se d\u00e9velopper, \u00e0 <\/span><\/span>mieux travailler, \u00e0 travailler plus rapidement et \u00e0 \u00e9conomiser de l&#8217;argent. Voici une liste de certains des principaux avantages qui en d\u00e9coulent :<\/li>\n<\/ul>\n<p>&nbsp;<\/p>\n<p>&nbsp;<\/p>\n<h5><strong>1-ACCESSIBILIT\u00c9<\/strong><\/h5>\n<ul>\n<li>Microsoft 365 est un service par abonnement qui vous donne la possibilit\u00e9 de d\u00e9velopper votre entreprise en quelques clics.<\/li>\n<\/ul>\n<p>&nbsp;<\/p>\n<p>&nbsp;<\/p>\n<h5><strong>2-MOBILIT\u00c9<\/strong><\/h5>\n<ul>\n<li>L&#8217;un des principaux avantages de Microsoft 365 est que vous pouvez travailler de n&#8217;importe o\u00f9 et depuis n&#8217;importe quel appareil tant que vous disposez d&#8217;une connexion Internet. Ceci est utile si votre entreprise a plusieurs branches ou employ\u00e9s.<\/li>\n<\/ul>\n<p>&nbsp;<\/p>\n<p>&nbsp;<\/p>\n<h5><strong>3-COLLABORATION FACILE<\/strong><\/h5>\n<ul>\n<li>Microsoft 365 permet aux \u00e9quipes de publier et de modifier la m\u00eame version d&#8217;un document en \u00e9vitant les copies multiples et les modifications en temps r\u00e9el. De plus, plusieurs vid\u00e9os HD, calendriers partag\u00e9s et discussion d&#8217;\u00e9quipe maintiennent votre \u00e9quipe \u00e0 jour.<\/li>\n<\/ul>\n<p>&nbsp;<\/p>\n<p>&nbsp;<\/p>\n<h5><strong>4-S\u00c9CURIT\u00c9 AVANC\u00c9E<\/strong><\/h5>\n<ul>\n<li>Microsoft 365 offre de nombreuses fonctionnalit\u00e9s de s\u00e9curit\u00e9 int\u00e9gr\u00e9es pour assurer la s\u00e9curit\u00e9 des donn\u00e9es de votre organisation, notamment le cryptage des e-mails, la pr\u00e9vention des pertes de donn\u00e9es, la gestion des appareils mobiles et l&#8217;analyse avanc\u00e9e des menaces (ATA).<\/li>\n<\/ul>\n<p>&nbsp;<\/p>\n<p>&nbsp;<\/p>\n<h5><strong>5-PRESTATIONS PROFESSIONNELLES<\/strong><\/h5>\n<ul>\n<li>SoftFlow aide les organisations \u00e0 utiliser tous les composants de Microsoft 365 (anciennement Office 365), tels qu&#8217;Exchange, SharePoint, Skype Entreprise et Teams. Supprimez la complexit\u00e9 de votre d\u00e9ploiement et passez \u00e0 Microsoft 365 pour assurer une migration en douceur vers le cloud.<\/li>\n<\/ul>\n<p>&nbsp;<\/p>\n<p>&nbsp;<\/p>\n<h5><strong>6-MIGRATION<\/strong><\/h5>\n<ul>\n<li>Avec le passage \u00e0 Microsoft 365, votre entreprise est toujours op\u00e9rationnelle. Avec SoftFlow, vous pouvez passer en toute transparence de vos locaux \u00e0 Microsoft 365 pour ex\u00e9cuter vos applications migr\u00e9es en douceur et en toute s\u00e9curit\u00e9 sans perturber votre entreprise.<\/li>\n<\/ul>\n<p>&nbsp;<\/p>\n<p>&nbsp;<\/p>\n<h5><strong>7-MODERNISATION DES APPLICATIONS<\/strong><\/h5>\n<ul>\n<li>Microsoft 365 est plus que Word, Excel et Outlook. En fait, de nombreuses fonctionnalit\u00e9s puissantes de Microsoft 365 sont inconnues et de nombreuses applications n&#8217;exploitent pas pleinement leur potentiel. SoftFlow aide \u00e0 am\u00e9liorer la convivialit\u00e9, \u00e0 rationaliser les processus et \u00e0 prendre en charge les nouveaux besoins commerciaux.<\/li>\n<\/ul>\n<p>&nbsp;<\/p>\n<p><img decoding=\"async\" loading=\"lazy\" class=\"aligncenter size-full wp-image-2715\" src=\"https:\/\/softflow.ca\/wp-content\/uploads\/2022\/06\/f0d569bbd8c4d1d38f90ff18b4824a-unscreen.gif\" alt=\"\" width=\"480\" height=\"360\" \/><\/p>\n<h4 style=\"text-align: center;\"><strong>SERVICES MICROSOFT 365 par SOFTFLOW<\/strong><\/h4>\n<p>&nbsp;<\/p>\n<ul>\n<li>Nos services de productivit\u00e9 informatique g\u00e9r\u00e9s sont con\u00e7us pour surveiller et g\u00e9rer de mani\u00e8re proactive les composants et applications Microsoft 365 (anciennement Office 365), \u00e9liminant ainsi la complexit\u00e9 et la maintenance fastidieuse du personnel informatique.<\/li>\n<\/ul>\n<p>&nbsp;<\/p>\n<ul>\n<li>Nous proposons des services complets de gestion de plate-forme Microsoft Office 365, de planification de l&#8217;acceptation, d&#8217;analyse, de formation et d&#8217;assistance pour vous aider \u00e0 tirer le meilleur parti de votre suite de productivit\u00e9 Microsoft 365 et vous assurer<br \/>\nd&#8217;obtenir la valeur commerciale que vous attendez.<\/li>\n<\/ul>\n<p>&nbsp;<\/p>\n<ul>\n<li>SoftFlow aide votre organisation avec des sessions de strat\u00e9gie, de communication et d&#8217;engagement pour vous aider \u00e0 n&#8217;importe quelle \u00e9tape de votre transition vers Microsoft 365.<\/li>\n<\/ul>\n<p>&nbsp;<\/p>\n<p>[\/vc_column_text]<div class=\"dfd-spacer-module\"  data-units=\"px\" data-wide_resolution=\"1280\" data-wide_size=\"75\" data-normal_resolution=\"1024\" data-normal_size=\"75\" data-tablet_resolution=\"800\" data-tablet_size=\"70\" data-mobile_resolution=\"480\" data-mobile_size=\"70\" style=\"height: 75px;\"><\/div>[\/vc_column][\/vc_row][vc_row force_equal_height_columns=&#8221;main_row&#8221; dfd_row_config=&#8221;full_width_content&#8221; bg_check=&#8221;row-background-dark&#8221; css=&#8221;.vc_custom_1513910512147{background-color: #2ea2cc !important;}&#8221; mobile_destroy_equal_heights=&#8221;yes&#8221;][vc_column width=&#8221;1\/2&#8243; dfd_column_responsive_enable=&#8221;dfd-column-responsive-enable&#8221; css=&#8221;.vc_custom_1505221114759{padding-right: 6% !important;padding-left: 6% !important;}&#8221; el_class=&#8221;dfd_col-tablet-8&#8243; offset=&#8221;vc_col-lg-6 vc_col-md-6 vc_col-xs-12&#8243; responsive_styles=&#8221;padding_left_mobile:20|padding_right_mobile:20&#8243;]<div class=\"dfd-spacer-module\"  data-units=\"px\" data-wide_resolution=\"1280\" data-wide_size=\"60\" data-normal_resolution=\"1024\" data-normal_size=\"60\" data-tablet_resolution=\"800\" data-tablet_size=\"50\" data-mobile_resolution=\"480\" data-mobile_size=\"40\" style=\"height: 60px;\"><\/div><div class=\"dfd-heading-shortcode\"><div class=\"dfd-heading-module-wrap  text-left style_01 dfd-heading-69ebb1d4f368b dfd-disable-resposive-headings\" id=\"dfd-heading-69ebb1d4f368b\" ><div class=\"inline-block\"><div class=\"dfd-heading-module\"><h5 class=\"widget-title dfd-title \" style=\"font-size: 35px; line-height: 40px; font-weight:bold; \">FAITES LA TRANSITION VERS MICROSOFT 365 D\u00c8S MAINTENANT!<\/h5><\/div><\/div><\/div><script type=\"text\/javascript\">\r\n\t\t\t\t\t\t\t\t\t(function($) {\r\n\t\t\t\t\t\t\t\t\t\t$(\"head\").append(\"<style>.dfd-heading-69ebb1d4f368b.dfd-heading-module-wrap .dfd-heading-module .dfd-heading-delimiter {margin-top:10px;margin-bottom:10px;}@media (max-width: 799px){.dfd-heading-69ebb1d4f368b .dfd-title{font-size: 34px !important;}}<\/style>\");\r\n\t\t\t\t\t\t\t\t\t})(jQuery);\r\n\t\t\t\t\t\t\t\t<\/script><\/div><div class=\"dfd-spacer-module\"  data-units=\"px\" data-wide_resolution=\"1280\" data-wide_size=\"55\" data-normal_resolution=\"1024\" data-normal_size=\"55\" data-tablet_resolution=\"800\" data-tablet_size=\"40\" data-mobile_resolution=\"480\" data-mobile_size=\"40\" style=\"height: 55px;\"><\/div>[\/vc_column][vc_column width=&#8221;1\/2&#8243; dfd_column_responsive_enable=&#8221;dfd-column-responsive-enable&#8221; el_class=&#8221;dfd_col-tablet-4&#8243; offset=&#8221;vc_col-lg-6 vc_col-md-6 vc_col-xs-12&#8243; responsive_styles=&#8221;padding_left_mobile:20|padding_right_mobile:20&#8243;][vc_row_inner][vc_column_inner]<div id=\"dfd-button-69ebb1d4f38e5\" class=\"dfd-button-module-wrap dfd-button-69ebb1d4f38e5\"><div class=\"dfd-button-module  style_1 text-center dfd-horizontal dfd-top-to-bottom dfd-button-icon-right dfd-button-icon-hover-simple\" ><a href=\"https:\/\/softflow.ca\/fr\/nous-joindre\/\" class=\"dfd-button-link\"><span class=\"dfd-button-inner-cover\"><span class=\"dfd-button-text-main\"><strong>CONTACTEZ-NOUS  514-858-0541<\/strong><i class=\"typcn typcn-arrow-right\"><\/i><\/span><\/span><\/a><\/div><script type=\"text\/javascript\">\r\n\t\t\t\t\t\t\t\t\t(function($) {$(\"head\").append(\"<style>#dfd-button-69ebb1d4f38e5.dfd-button-module-wrap .dfd-button-module .dfd-button-link .dfd-button-inner-cover span i, .dfd-button-69ebb1d4f38e5.dfd-button-module-wrap .dfd-button-module .dfd-button-link .dfd-button-inner-cover span i {font-size: 22px;}#dfd-button-69ebb1d4f38e5.dfd-button-module-wrap .dfd-button-module .dfd-button-link .dfd-button-inner-cover .dfd-button-text-main, .dfd-button-69ebb1d4f38e5.dfd-button-module-wrap .dfd-button-module .dfd-button-link .dfd-button-inner-cover .dfd-button-text-main, .dfd-button-69ebb1d4f38e5.dfd-button-module-wrap .dfd-button-module .dfd-button-link .dfd-button-inner-cover .dfd-button-text-hover, #dfd-button-69ebb1d4f38e5.dfd-button-module-wrap .dfd-button-module .dfd-button-link .dfd-button-inner-cover .dfd-button-text-hover {padding-left: 65px;}#dfd-button-69ebb1d4f38e5.dfd-button-module-wrap .dfd-button-module .dfd-button-link .dfd-button-inner-cover .dfd-button-text-main, .dfd-button-69ebb1d4f38e5.dfd-button-module-wrap .dfd-button-module .dfd-button-link .dfd-button-inner-cover .dfd-button-text-main, .dfd-button-69ebb1d4f38e5.dfd-button-module-wrap .dfd-button-module .dfd-button-link .dfd-button-inner-cover .dfd-button-text-hover, #dfd-button-69ebb1d4f38e5.dfd-button-module-wrap .dfd-button-module .dfd-button-link .dfd-button-inner-cover .dfd-button-text-hover {padding-right: 65px;}#dfd-button-69ebb1d4f38e5.dfd-button-module-wrap .dfd-button-module .dfd-button-link .dfd-button-inner-cover .dfd-button-text-main, .dfd-button-69ebb1d4f38e5.dfd-button-module-wrap .dfd-button-module .dfd-button-link .dfd-button-inner-cover .dfd-button-text-main, .dfd-button-69ebb1d4f38e5.dfd-button-module-wrap .dfd-button-module .dfd-button-link .dfd-button-inner-cover .dfd-button-text-hover, #dfd-button-69ebb1d4f38e5.dfd-button-module-wrap .dfd-button-module .dfd-button-link .dfd-button-inner-cover .dfd-button-text-hover {line-height: 35px; }#dfd-button-69ebb1d4f38e5.dfd-button-module-wrap .dfd-button-module .dfd-button-link .dfd-button-inner-cover .dfd-button-text-main,.dfd-button-69ebb1d4f38e5.dfd-button-module-wrap .dfd-button-module .dfd-button-link .dfd-button-inner-cover .dfd-button-text-main {color: #19a4c6}#dfd-button-69ebb1d4f38e5.dfd-button-module-wrap .dfd-button-module .dfd-button-link .dfd-button-inner-cover,.dfd-button-69ebb1d4f38e5.dfd-button-module-wrap .dfd-button-module .dfd-button-link .dfd-button-border-decoration,.dfd-button-69ebb1d4f38e5.dfd-button-module-wrap .dfd-button-module .dfd-button-link .dfd-button-inner-cover {border-radius:0px;}#dfd-button-69ebb1d4f38e5.dfd-button-module-wrap .dfd-button-module:not(.style_4) .dfd-button-link .dfd-button-inner-cover:before,#dfd-button-69ebb1d4f38e5.dfd-button-module-wrap .dfd-button-module.style_4 .dfd-button-link .dfd-button-inner-cover:after,#dfd-button-69ebb1d4f38e5.dfd-button-module-wrap .dfd-button-module.style_6 .dfd-button-link .dfd-button-inner-cover .dfd-button-text-main,.dfd-button-69ebb1d4f38e5.dfd-button-module-wrap .dfd-button-module:not(.style_4) .dfd-button-link .dfd-button-inner-cover:before,.dfd-button-69ebb1d4f38e5.dfd-button-module-wrap .dfd-button-module.style_4 .dfd-button-link .dfd-button-inner-cover:after,.dfd-button-69ebb1d4f38e5.dfd-button-module-wrap .dfd-button-module.style_6 .dfd-button-link .dfd-button-inner-cover .dfd-button-text-main {background: #ffffff;border-style:solid;border-width:1px;border-radius:0px;border-color:rgba(255,255,255,0.3);}#dfd-button-69ebb1d4f38e5.dfd-button-module-wrap .dfd-button-module:not(.style_6) .dfd-button-link:hover .dfd-button-inner-cover .dfd-button-text-main,#dfd-button-69ebb1d4f38e5.dfd-button-module-wrap .dfd-button-module .dfd-button-link .dfd-button-inner-cover .dfd-button-text-hover,.dfd-button-69ebb1d4f38e5.dfd-button-module-wrap .dfd-button-module:not(.style_6) .dfd-button-link:hover .dfd-button-inner-cover .dfd-button-text-main,.dfd-button-69ebb1d4f38e5.dfd-button-module-wrap .dfd-button-module .dfd-button-link .dfd-button-inner-cover .dfd-button-text-hover {color: #ffffff;}#dfd-button-69ebb1d4f38e5.dfd-button-module-wrap .dfd-button-module .dfd-button-link:hover .dfd-button-inner-cover,.dfd-button-69ebb1d4f38e5.dfd-button-module-wrap .dfd-button-module .dfd-button-link:hover .dfd-button-border-decoration,.dfd-button-69ebb1d4f38e5.dfd-button-module-wrap .dfd-button-module .dfd-button-link:hover .dfd-button-inner-cover {border-radius:0px;}#dfd-button-69ebb1d4f38e5.dfd-button-module-wrap .dfd-button-module:not(.style_4) .dfd-button-link .dfd-button-inner-cover:after,#dfd-button-69ebb1d4f38e5.dfd-button-module-wrap .dfd-button-module.style_4 .dfd-button-link .dfd-button-inner-cover:before,#dfd-button-69ebb1d4f38e5.dfd-button-module-wrap .dfd-button-module .dfd-button-link .dfd-button-inner-cover .dfd-button-text-hover .dfd-button-69ebb1d4f38e5.dfd-button-module-wrap .dfd-button-module:not(.style_4) .dfd-button-link .dfd-button-inner-cover:after,.dfd-button-69ebb1d4f38e5.dfd-button-module-wrap .dfd-button-module.style_4 .dfd-button-link .dfd-button-inner-cover:before,.dfd-button-69ebb1d4f38e5.dfd-button-module-wrap .dfd-button-module .dfd-button-link .dfd-button-inner-cover .dfd-button-text-hover {background: #19a4c6;border-style:solid;border-width:1px;border-radius:0px;border-color:#ffffff;}#dfd-button-69ebb1d4f38e5.dfd-button-module-wrap .dfd-button-module.style_3 .dfd-button-link:hover .dfd-button-inner-cover:before,#dfd-button-69ebb1d4f38e5.dfd-button-module-wrap .dfd-button-module.style_4 .dfd-button-link:hover .dfd-button-inner-cover:before,.dfd-button-69ebb1d4f38e5.dfd-button-module-wrap .dfd-button-module.style_3 .dfd-button-link:hover .dfd-button-inner-cover:before,.dfd-button-69ebb1d4f38e5.dfd-button-module-wrap .dfd-button-module.style_4 .dfd-button-link:hover .dfd-button-inner-cover:before {border-style:solid;border-width:1px;border-radius:0px;border-color:#ffffff;}#dfd-button-69ebb1d4f38e5.dfd-button-module-wrap .dfd-button-module .dfd-button-link .dfd-button-inner-cover .dfd-button-text-main i,.dfd-button-69ebb1d4f38e5.dfd-button-module-wrap .dfd-button-module .dfd-button-link .dfd-button-inner-cover .dfd-button-text-main i {color: #297d8e;}<\/style>\")\r\n\t\t\t\t\t\t\t\t\t})(jQuery);\r\n\t\t\t\t\t\t\t\t<\/script><\/div><div class=\"dfd-spacer-module\"  data-units=\"px\" data-wide_resolution=\"1280\" data-wide_size=\"0\" data-normal_resolution=\"1024\" data-normal_size=\"0\" data-tablet_resolution=\"800\" data-tablet_size=\"0\" data-mobile_resolution=\"480\" data-mobile_size=\"40\" style=\"height: 0px;\"><\/div>[\/vc_column_inner][\/vc_row_inner][\/vc_column][\/vc_row]<br \/>\n<iframe loading=\"lazy\" style=\"border: 0;\" src=\"https:\/\/www.google.com\/maps\/embed?pb=!1m18!1m12!1m3!1d2797.253675146376!2d-73.70916048444194!3d45.48483617910107!2m3!1f0!2f0!3f0!3m2!1i1024!2i768!4f13.1!3m3!1m2!1s0x0%3A0xc1af54015cdd450c!2s%F0%9F%92%BB%20Service%20Informatique%20Montreal%2024H%20IT%20Support%20Cybers%C3%A9curit%C3%A9%20SOFTFLOW%20Cybersecurity%20Managed%20IT%20Services!5e0!3m2!1sen!2sca!4v1645497551035!5m2!1sen!2sca\" width=\"2100\" height=\"600\" allowfullscreen=\"allowfullscreen\"><span data-mce-type=\"bookmark\" style=\"display: inline-block; width: 0px; overflow: hidden; line-height: 0;\" class=\"mce_SELRES_start\">\ufeff<\/span><span data-mce-type=\"bookmark\" style=\"display: inline-block; width: 0px; overflow: hidden; line-height: 0;\" class=\"mce_SELRES_start\">\ufeff<\/span><\/iframe><\/p>\n<\/div>","protected":false},"excerpt":{"rendered":"<p>&nbsp; [vc_row dfd_row_config=&#8221;full_width_content_paddings&#8221; dfd_row_responsive_enable=&#8221;dfd-row-responsive-enable&#8221; dfd_bg_style=&#8221;image&#8221; dfd_parallax_style=&#8221;dfd_animated_bg&#8221; dfd_bg_image_new=&#8221;152&#8243; dfd_bg_image_size=&#8221;initial&#8221; dfd_parallax_sense=&#8221;50&#8243; dfd_enable_overlay=&#8221;&#8221; css=&#8221;.vc_custom_1506995163520{padding-right: 8% !important;padding-left: 8% !important;background-position: 0 0 !important;background-repeat: no-repeat !important;}&#8221; dfd_bg_image_new_responsive=&#8221;152&#8243;][vc_column el_class=&#8221;dfd_col-tablet-12&#8243; offset=&#8221;vc_col-lg-12 vc_col-md-12 vc_col-xs-12&#8243;][vc_column_text] CERTIFI\u00c9 MICROSOFT \u00a0 \u00a0 PRINCIPAUX<\/p>\n","protected":false},"author":3,"featured_media":4971,"parent":0,"menu_order":4,"comment_status":"closed","ping_status":"closed","template":"page-custom-with-header.php","meta":{"_acf_changed":false,"nf_dc_page":"","_monsterinsights_skip_tracking":false,"_monsterinsights_sitenote_active":false,"_monsterinsights_sitenote_note":"","_monsterinsights_sitenote_category":0,"footnotes":""},"class_list":["post-933","page","type-page","status-publish","has-post-thumbnail","hentry"],"acf":[],"_links":{"self":[{"href":"https:\/\/softflow.ca\/fr\/wp-json\/wp\/v2\/pages\/933","targetHints":{"allow":["GET"]}}],"collection":[{"href":"https:\/\/softflow.ca\/fr\/wp-json\/wp\/v2\/pages"}],"about":[{"href":"https:\/\/softflow.ca\/fr\/wp-json\/wp\/v2\/types\/page"}],"author":[{"embeddable":true,"href":"https:\/\/softflow.ca\/fr\/wp-json\/wp\/v2\/users\/3"}],"replies":[{"embeddable":true,"href":"https:\/\/softflow.ca\/fr\/wp-json\/wp\/v2\/comments?post=933"}],"version-history":[{"count":21,"href":"https:\/\/softflow.ca\/fr\/wp-json\/wp\/v2\/pages\/933\/revisions"}],"predecessor-version":[{"id":4109,"href":"https:\/\/softflow.ca\/fr\/wp-json\/wp\/v2\/pages\/933\/revisions\/4109"}],"wp:featuredmedia":[{"embeddable":true,"href":"https:\/\/softflow.ca\/fr\/wp-json\/wp\/v2\/media\/4971"}],"wp:attachment":[{"href":"https:\/\/softflow.ca\/fr\/wp-json\/wp\/v2\/media?parent=933"}],"curies":[{"name":"wp","href":"https:\/\/api.w.org\/{rel}","templated":true}]}}