{"id":930,"date":"2017-12-20T22:25:38","date_gmt":"2017-12-21T03:25:38","guid":{"rendered":"https:\/\/softflow.ca\/enterprise-resource-planning\/"},"modified":"2025-05-27T11:36:58","modified_gmt":"2025-05-27T15:36:58","slug":"service-informatique-montreal-erp","status":"publish","type":"page","link":"https:\/\/softflow.ca\/fr\/serviceinformatiquemontreal\/service-informatique-montreal-erp\/","title":{"rendered":"ERP \/ PRE"},"content":{"rendered":"<div class=\"wpb-content-wrapper\"><p><img decoding=\"async\" loading=\"lazy\" class=\"aligncenter size-full wp-image-2492\" src=\"https:\/\/softflow.ca\/wp-content\/uploads\/2022\/06\/cf947b46283c10c47e3d5d945afb7053.gif\" alt=\"\" width=\"1780\" height=\"400\" \/><\/p>\n<p>&nbsp;<\/p>\n<p>[vc_row dfd_row_config=&#8221;full_width_content_paddings&#8221; dfd_row_responsive_enable=&#8221;dfd-row-responsive-enable&#8221; dfd_bg_style=&#8221;image&#8221; dfd_parallax_style=&#8221;dfd_animated_bg&#8221; dfd_bg_image_new=&#8221;152&#8243; dfd_bg_image_size=&#8221;initial&#8221; dfd_parallax_sense=&#8221;50&#8243; dfd_enable_overlay=&#8221;&#8221; css=&#8221;.vc_custom_1506995163520{padding-right: 8% !important;padding-left: 8% !important;background-position: 0 0 !important;background-image: url(https:\/\/softflow.ca\/wp-content\/uploads\/2022\/06\/abstract-technology-white-gray-color-modern-background_41981-1010.jpg) !important;}&#8221;][vc_column el_class=&#8221;dfd_col-tablet-12&#8243; offset=&#8221;vc_col-lg-12 vc_col-md-12 vc_col-xs-12&#8243;]<div class=\"dfd-spacer-module\"  data-units=\"px\" data-wide_resolution=\"1280\" data-wide_size=\"75\" data-normal_resolution=\"1024\" data-normal_size=\"75\" data-tablet_resolution=\"800\" data-tablet_size=\"70\" data-mobile_resolution=\"480\" data-mobile_size=\"70\" style=\"height: 75px;\"><\/div>[vc_column_text]<\/p>\n<h2 class=\"reader-article-header__title t-40 t-black t-normal pt6\" dir=\"ltr\" style=\"text-align: center;\"><span style=\"color: #19a4c6;\">Infog\u00e9rance<\/span> Montr\u00e9al-Laval-<span style=\"color: #19a4c6;\">Qu\u00e9bec<\/span><\/h2>\n<h3 style=\"text-align: center;\"><img decoding=\"async\" loading=\"lazy\" class=\"aligncenter size-medium wp-image-3193\" src=\"https:\/\/softflow.ca\/wp-content\/uploads\/2022\/06\/35-year-seal-400x289-1-300x217.png\" alt=\"\" width=\"300\" height=\"217\" srcset=\"https:\/\/softflow.ca\/wp-content\/uploads\/2022\/06\/35-year-seal-400x289-1-300x217.png 300w, https:\/\/softflow.ca\/wp-content\/uploads\/2022\/06\/35-year-seal-400x289-1.png 400w\" sizes=\"auto, (max-width: 300px) 100vw, 300px\" \/><\/h3>\n<p>&nbsp;<\/p>\n<h3 style=\"text-align: center;\">Qu&#8217;est-ce que <span style=\"color: #19a4c6;\">ERP <\/span>et comment <span style=\"color: #19a4c6;\">fonctionne<\/span>-t-il ?<\/h3>\n<p>&nbsp;<\/p>\n<ul>\n<li style=\"text-align: left;\">Un syst\u00e8me\u00a0<b>ERP<\/b>\u00a0(<b>Enterprise resource planning<\/b>) est un type de logiciel que les entreprises utilisent pour g\u00e9rer leurs activit\u00e9s quotidiennes telles que la comptabilit\u00e9, les achats, la gestion de projets, la gestion des risques et la conformit\u00e9, et les op\u00e9rations.<\/li>\n<\/ul>\n<p>&nbsp;<\/p>\n<ul>\n<li>Les syst\u00e8mes ERP collectent et organisent les informations commerciales cl\u00e9s et aident les organisations \u00e0 ex\u00e9cuter des op\u00e9rations l\u00e9g\u00e8res et efficaces. Un logiciel ERP con\u00e7u pour r\u00e9pondre aux besoins d&#8217;une entreprise individuelle rapporte des dividendes importants, faisant de ces syst\u00e8mes un outil essentiel pour les entreprises de tous secteurs et de toutes tailles. \u00c0 la base, un ERP est une application qui automatise les processus m\u00e9tier, fournit des informations et des contr\u00f4les internes.<\/li>\n<\/ul>\n<p>&nbsp;<\/p>\n<ul>\n<li>Les syst\u00e8mes ERP unifient les fonctions commerciales critiques telles que la finance, la fabrication, la gestion des stocks et des commandes, la communication client, les ventes et le marketing, la gestion de projet et les ressources humaines. Une caract\u00e9ristique majeure est l&#8217;analyse d\u00e9taill\u00e9e et la cr\u00e9ation de rapports sur chaque d\u00e9partement. L&#8217;ERP peut g\u00e9n\u00e9rer d&#8217;importantes \u00e9conomies de temps et d&#8217;argent en offrant une visibilit\u00e9 \u00e0 l&#8217;\u00e9chelle de l&#8217;organisation.<\/li>\n<\/ul>\n<p>&nbsp;<\/p>\n<ul>\n<li>Le logiciel ERP am\u00e9liore \u00e9galement la communication et la collaboration, car les employ\u00e9s peuvent v\u00e9rifier le statut des autres d\u00e9partements pour guider leurs propres d\u00e9cisions. Les syst\u00e8mes ERP offrent le plus de valeur lorsqu&#8217;une entreprise dispose de modules pour chaque fonction commerciale majeure et garantit une saisie de donn\u00e9es pr\u00e9cise et en temps opportun. Un ERP est \u00e9galement un atout en mati\u00e8re de planification et de coordination.<\/li>\n<\/ul>\n<p>&nbsp;<\/p>\n<ul>\n<li>La t\u00e2che principale d&#8217;une mise en \u0153uvre d&#8217;un ERP est de cr\u00e9er une solution logicielle unique pour g\u00e9rer, par exemple, les finances ainsi que la gestion des entrep\u00f4ts des ressources humaines, la fabrication, la distribution, etc. Chacun de ces d\u00e9partements avait g\u00e9n\u00e9ralement son propre syst\u00e8me informatique optimis\u00e9 d&#8217;une mani\u00e8re particuli\u00e8re qui le minist\u00e8re fait son travail. L&#8217;ERP les combine tous en une seule application logicielle int\u00e9gr\u00e9e qui s&#8217;ex\u00e9cute sur une seule base de donn\u00e9es afin que les diff\u00e9rents services puissent plus facilement partager des informations et communiquer entre eux.<\/li>\n<\/ul>\n<h3><\/h3>\n<p>&nbsp;<\/p>\n<p><img decoding=\"async\" loading=\"lazy\" class=\"size-full wp-image-2729 alignright\" src=\"https:\/\/softflow.ca\/wp-content\/uploads\/2022\/06\/erp-removebg-preview.png\" alt=\"\" width=\"266\" height=\"190\" \/><\/p>\n<h5 style=\"text-align: center;\"><strong>Un syst\u00e8me ERP est-il uniquement destin\u00e9 \u00e0 la finance et comptabilit\u00e9 ?<\/strong><\/h5>\n<p style=\"text-align: center;\">Alors que la gestion financi\u00e8re et la comptabilit\u00e9 sont des fonctions ERP importantes, les capacit\u00e9s du syst\u00e8me sont beaucoup plus larges. Il peut automatiser et am\u00e9liorer les achats, la gestion des stocks et des commandes, la gestion des projets de fabrication, la gestion des effectifs, les ventes et le marketing, ainsi que d&#8217;autres t\u00e2ches.<\/p>\n<p>&nbsp;<\/p>\n<h5><\/h5>\n<p>&nbsp;<\/p>\n<h5 style=\"text-align: center;\"><img decoding=\"async\" loading=\"lazy\" class=\"wp-image-2915 alignleft\" src=\"https:\/\/softflow.ca\/wp-content\/uploads\/2022\/06\/infrastructure-001.png\" alt=\"\" width=\"282\" height=\"212\" srcset=\"https:\/\/softflow.ca\/wp-content\/uploads\/2022\/06\/infrastructure-001.png 800w, https:\/\/softflow.ca\/wp-content\/uploads\/2022\/06\/infrastructure-001-300x225.png 300w, https:\/\/softflow.ca\/wp-content\/uploads\/2022\/06\/infrastructure-001-768x576.png 768w\" sizes=\"auto, (max-width: 282px) 100vw, 282px\" \/><\/h5>\n<h5><\/h5>\n<h5 style=\"text-align: center;\"><strong>Pourquoi les entreprises adoptent l&#8217;ERP ?<\/strong><\/h5>\n<p style=\"text-align: center;\">Le logiciel ERP est devenu un outil essentiel pour les entreprises car il leur permet de gagner du temps et de l&#8217;argent. Un ERP, en plus d&#8217;automatiser les processus, fournit des informations et des informations \u00e0 l&#8217;\u00e9chelle de l&#8217;entreprise qui informent les dirigeants et les gestionnaires sur les domaines o\u00f9 leurs employ\u00e9s doivent concentrer leur temps et leur attention, ce qui peut inclure la r\u00e9solution des probl\u00e8mes actuels.<\/p>\n<p>&nbsp;<\/p>\n<h5><\/h5>\n<p>&nbsp;<\/p>\n<h5><img decoding=\"async\" loading=\"lazy\" class=\"alignright\" src=\"https:\/\/softflow.ca\/wp-content\/uploads\/2022\/06\/cf947b46283c10c47e3d5d945afb70-unscreen.gif\" width=\"321\" height=\"241\" \/><\/h5>\n<h5><\/h5>\n<h5><\/h5>\n<h5 style=\"text-align: center;\"><strong>Quelle est la diff\u00e9rence entre un syst\u00e8me ERP et syst\u00e8me demande de mat\u00e9riel (MRP) ?<\/strong><\/h5>\n<p style=\"text-align: center;\">Les fabricants ont utilis\u00e9 un syst\u00e8me MRP, ou planification des ressources mat\u00e9rielles, comme pr\u00e9curseur de l&#8217;ERP pour mieux pr\u00e9parer les cycles de production. Les syst\u00e8mes MRP, qui g\u00e9raient les t\u00e2ches li\u00e9es \u00e0 la fabrication telles que l&#8217;approvisionnement et le suivi des stocks, ne sont d\u00e9sormais qu&#8217;une partie des syst\u00e8mes ERP d&#8217;aujourd&#8217;hui.<\/p>\n<p>&nbsp;<\/p>\n<p>&nbsp;<\/p>\n<p>&nbsp;<\/p>\n<h5><img decoding=\"async\" loading=\"lazy\" class=\"alignleft\" src=\"https:\/\/softflow.ca\/wp-content\/uploads\/2022\/06\/191f1b2978a23ed3f4f130f9f1fa4e18.gif\" width=\"273\" height=\"277\" \/><\/h5>\n<h5><\/h5>\n<p>&nbsp;<\/p>\n<h5 style=\"text-align: center;\"><strong>Qu&#8217;est-ce qu&#8217;un ERP \u00e0 deux niveaux et comment fonctionne-t-il ?<\/strong><\/h5>\n<p style=\"text-align: center;\">Les grandes entreprises avec des filiales, des secteurs d&#8217;activit\u00e9 ind\u00e9pendants ou des bureaux r\u00e9gionaux ont adopt\u00e9 la m\u00e9thode ERP \u00e0 deux niveaux. Au lieu d&#8217;\u00eatre oblig\u00e9s d&#8217;utiliser l&#8217;ERP traditionnel, ces unit\u00e9s commerciales ou bureaux utilisent un ERP moins gourmand en ressources (souvent une solution SaaS) qui est int\u00e9gr\u00e9 au syst\u00e8me de niveau 1.<\/p>\n<h5><\/h5>\n<p>&nbsp;<\/p>\n<p>&nbsp;<\/p>\n<h5 style=\"text-align: center;\"><strong><img decoding=\"async\" loading=\"lazy\" class=\"wp-image-2725 alignright\" src=\"https:\/\/softflow.ca\/wp-content\/uploads\/2022\/06\/custom-erp-software-development.gif\" alt=\"\" width=\"362\" height=\"285\" \/><\/strong><\/h5>\n<p>&nbsp;<\/p>\n<p>&nbsp;<\/p>\n<h5><\/h5>\n<h5 style=\"text-align: center;\"><strong>Quels sont les avantages d&#8217;un ERP bas\u00e9 sur le cloud ?<\/strong><\/h5>\n<p style=\"text-align: center;\">Bon nombre des avantages de l&#8217;ERP cloud peuvent se r\u00e9sumer en deux mots : des d\u00e9penses r\u00e9duites et moins de probl\u00e8mes. Une solution cloud est g\u00e9n\u00e9ralement moins ch\u00e8re et plus rapide \u00e0 d\u00e9velopper, avec des co\u00fbts de post-impl\u00e9mentation inf\u00e9rieurs car le fournisseur g\u00e8re toute la maintenance et les mises \u00e0 niveau. \u00c9tant donn\u00e9 que le fournisseur g\u00e8re tout le mat\u00e9riel, une solution bas\u00e9e sur le cloud peut \u00e9galement soutenir sans effort votre croissance.<\/p>\n<p>&nbsp;<\/p>\n<p>&nbsp;<\/p>\n<p>[\/vc_column_text]<div class=\"dfd-spacer-module\"  data-units=\"px\" data-wide_resolution=\"1280\" data-wide_size=\"75\" data-normal_resolution=\"1024\" data-normal_size=\"75\" data-tablet_resolution=\"800\" data-tablet_size=\"70\" data-mobile_resolution=\"480\" data-mobile_size=\"70\" style=\"height: 75px;\"><\/div>[\/vc_column][\/vc_row][vc_row force_equal_height_columns=&#8221;main_row&#8221; dfd_row_config=&#8221;full_width_content&#8221; bg_check=&#8221;row-background-dark&#8221; css=&#8221;.vc_custom_1513910512147{background-color: #2ea2cc !important;}&#8221; mobile_destroy_equal_heights=&#8221;yes&#8221;][vc_column width=&#8221;1\/2&#8243; dfd_column_responsive_enable=&#8221;dfd-column-responsive-enable&#8221; css=&#8221;.vc_custom_1505221114759{padding-right: 6% !important;padding-left: 6% !important;}&#8221; el_class=&#8221;dfd_col-tablet-8&#8243; offset=&#8221;vc_col-lg-6 vc_col-md-6 vc_col-xs-12&#8243; responsive_styles=&#8221;padding_left_mobile:20|padding_right_mobile:20&#8243;]<div class=\"dfd-spacer-module\"  data-units=\"px\" data-wide_resolution=\"1280\" data-wide_size=\"60\" data-normal_resolution=\"1024\" data-normal_size=\"60\" data-tablet_resolution=\"800\" data-tablet_size=\"50\" data-mobile_resolution=\"480\" data-mobile_size=\"40\" style=\"height: 60px;\"><\/div><div class=\"dfd-heading-shortcode\"><div class=\"dfd-heading-module-wrap  text-left style_01 dfd-heading-69f62ea01b999 dfd-disable-resposive-headings\" id=\"dfd-heading-69f62ea01b999\" ><div class=\"inline-block\"><div class=\"dfd-heading-module\"><h5 class=\"widget-title dfd-title \" style=\"font-size: 35px; line-height: 40px; font-weight:bold; \">APPELEZ-NOUS POUR UNE CONSULTATION GRATUITE D\u00c8S AUJOURD&#8217;HUI.<\/h5><\/div><\/div><\/div><script type=\"text\/javascript\">\r\n\t\t\t\t\t\t\t\t\t(function($) {\r\n\t\t\t\t\t\t\t\t\t\t$(\"head\").append(\"<style>.dfd-heading-69f62ea01b999.dfd-heading-module-wrap .dfd-heading-module .dfd-heading-delimiter {margin-top:10px;margin-bottom:10px;}@media (max-width: 799px){.dfd-heading-69f62ea01b999 .dfd-title{font-size: 34px !important;}}<\/style>\");\r\n\t\t\t\t\t\t\t\t\t})(jQuery);\r\n\t\t\t\t\t\t\t\t<\/script><\/div><div class=\"dfd-spacer-module\"  data-units=\"px\" data-wide_resolution=\"1280\" data-wide_size=\"55\" data-normal_resolution=\"1024\" data-normal_size=\"55\" data-tablet_resolution=\"800\" data-tablet_size=\"40\" data-mobile_resolution=\"480\" data-mobile_size=\"40\" style=\"height: 55px;\"><\/div>[\/vc_column][vc_column width=&#8221;1\/2&#8243; dfd_column_responsive_enable=&#8221;dfd-column-responsive-enable&#8221; el_class=&#8221;dfd_col-tablet-4&#8243; offset=&#8221;vc_col-lg-6 vc_col-md-6 vc_col-xs-12&#8243; responsive_styles=&#8221;padding_left_mobile:20|padding_right_mobile:20&#8243;][vc_row_inner][vc_column_inner]<div id=\"dfd-button-69f62ea01bbf3\" class=\"dfd-button-module-wrap dfd-button-69f62ea01bbf3\"><div class=\"dfd-button-module  style_1 text-center dfd-horizontal dfd-top-to-bottom dfd-button-icon-right dfd-button-icon-hover-simple\" ><a href=\"https:\/\/softflow.ca\/fr\/nous-joindre\/\" class=\"dfd-button-link\"><span class=\"dfd-button-inner-cover\"><span class=\"dfd-button-text-main\"><strong>CONTACTEZ-NOUS - 514-858-0541<\/strong><i class=\"typcn typcn-arrow-right\"><\/i><\/span><\/span><\/a><\/div><script type=\"text\/javascript\">\r\n\t\t\t\t\t\t\t\t\t(function($) {$(\"head\").append(\"<style>#dfd-button-69f62ea01bbf3.dfd-button-module-wrap .dfd-button-module .dfd-button-link .dfd-button-inner-cover span i, .dfd-button-69f62ea01bbf3.dfd-button-module-wrap .dfd-button-module .dfd-button-link .dfd-button-inner-cover span i {font-size: 22px;}#dfd-button-69f62ea01bbf3.dfd-button-module-wrap .dfd-button-module .dfd-button-link .dfd-button-inner-cover .dfd-button-text-main, .dfd-button-69f62ea01bbf3.dfd-button-module-wrap .dfd-button-module .dfd-button-link .dfd-button-inner-cover .dfd-button-text-main, .dfd-button-69f62ea01bbf3.dfd-button-module-wrap .dfd-button-module .dfd-button-link .dfd-button-inner-cover .dfd-button-text-hover, #dfd-button-69f62ea01bbf3.dfd-button-module-wrap .dfd-button-module .dfd-button-link .dfd-button-inner-cover .dfd-button-text-hover {padding-left: 65px;}#dfd-button-69f62ea01bbf3.dfd-button-module-wrap .dfd-button-module .dfd-button-link .dfd-button-inner-cover .dfd-button-text-main, .dfd-button-69f62ea01bbf3.dfd-button-module-wrap .dfd-button-module .dfd-button-link .dfd-button-inner-cover .dfd-button-text-main, .dfd-button-69f62ea01bbf3.dfd-button-module-wrap .dfd-button-module .dfd-button-link .dfd-button-inner-cover .dfd-button-text-hover, #dfd-button-69f62ea01bbf3.dfd-button-module-wrap .dfd-button-module .dfd-button-link .dfd-button-inner-cover .dfd-button-text-hover {padding-right: 65px;}#dfd-button-69f62ea01bbf3.dfd-button-module-wrap .dfd-button-module .dfd-button-link .dfd-button-inner-cover .dfd-button-text-main, .dfd-button-69f62ea01bbf3.dfd-button-module-wrap .dfd-button-module .dfd-button-link .dfd-button-inner-cover .dfd-button-text-main, .dfd-button-69f62ea01bbf3.dfd-button-module-wrap .dfd-button-module .dfd-button-link .dfd-button-inner-cover .dfd-button-text-hover, #dfd-button-69f62ea01bbf3.dfd-button-module-wrap .dfd-button-module .dfd-button-link .dfd-button-inner-cover .dfd-button-text-hover {line-height: 35px; }#dfd-button-69f62ea01bbf3.dfd-button-module-wrap .dfd-button-module .dfd-button-link .dfd-button-inner-cover .dfd-button-text-main,.dfd-button-69f62ea01bbf3.dfd-button-module-wrap .dfd-button-module .dfd-button-link .dfd-button-inner-cover .dfd-button-text-main {color: #19a4c6}#dfd-button-69f62ea01bbf3.dfd-button-module-wrap .dfd-button-module .dfd-button-link .dfd-button-inner-cover,.dfd-button-69f62ea01bbf3.dfd-button-module-wrap .dfd-button-module .dfd-button-link .dfd-button-border-decoration,.dfd-button-69f62ea01bbf3.dfd-button-module-wrap .dfd-button-module .dfd-button-link .dfd-button-inner-cover {border-radius:0px;}#dfd-button-69f62ea01bbf3.dfd-button-module-wrap .dfd-button-module:not(.style_4) .dfd-button-link .dfd-button-inner-cover:before,#dfd-button-69f62ea01bbf3.dfd-button-module-wrap .dfd-button-module.style_4 .dfd-button-link .dfd-button-inner-cover:after,#dfd-button-69f62ea01bbf3.dfd-button-module-wrap .dfd-button-module.style_6 .dfd-button-link .dfd-button-inner-cover .dfd-button-text-main,.dfd-button-69f62ea01bbf3.dfd-button-module-wrap .dfd-button-module:not(.style_4) .dfd-button-link .dfd-button-inner-cover:before,.dfd-button-69f62ea01bbf3.dfd-button-module-wrap .dfd-button-module.style_4 .dfd-button-link .dfd-button-inner-cover:after,.dfd-button-69f62ea01bbf3.dfd-button-module-wrap .dfd-button-module.style_6 .dfd-button-link .dfd-button-inner-cover .dfd-button-text-main {background: #ffffff;border-style:solid;border-width:1px;border-radius:0px;border-color:rgba(255,255,255,0.3);}#dfd-button-69f62ea01bbf3.dfd-button-module-wrap .dfd-button-module:not(.style_6) .dfd-button-link:hover .dfd-button-inner-cover .dfd-button-text-main,#dfd-button-69f62ea01bbf3.dfd-button-module-wrap .dfd-button-module .dfd-button-link .dfd-button-inner-cover .dfd-button-text-hover,.dfd-button-69f62ea01bbf3.dfd-button-module-wrap .dfd-button-module:not(.style_6) .dfd-button-link:hover .dfd-button-inner-cover .dfd-button-text-main,.dfd-button-69f62ea01bbf3.dfd-button-module-wrap .dfd-button-module .dfd-button-link .dfd-button-inner-cover .dfd-button-text-hover {color: #ffffff;}#dfd-button-69f62ea01bbf3.dfd-button-module-wrap .dfd-button-module .dfd-button-link:hover .dfd-button-inner-cover,.dfd-button-69f62ea01bbf3.dfd-button-module-wrap .dfd-button-module .dfd-button-link:hover .dfd-button-border-decoration,.dfd-button-69f62ea01bbf3.dfd-button-module-wrap .dfd-button-module .dfd-button-link:hover .dfd-button-inner-cover {border-radius:0px;}#dfd-button-69f62ea01bbf3.dfd-button-module-wrap .dfd-button-module:not(.style_4) .dfd-button-link .dfd-button-inner-cover:after,#dfd-button-69f62ea01bbf3.dfd-button-module-wrap .dfd-button-module.style_4 .dfd-button-link .dfd-button-inner-cover:before,#dfd-button-69f62ea01bbf3.dfd-button-module-wrap .dfd-button-module .dfd-button-link .dfd-button-inner-cover .dfd-button-text-hover .dfd-button-69f62ea01bbf3.dfd-button-module-wrap .dfd-button-module:not(.style_4) .dfd-button-link .dfd-button-inner-cover:after,.dfd-button-69f62ea01bbf3.dfd-button-module-wrap .dfd-button-module.style_4 .dfd-button-link .dfd-button-inner-cover:before,.dfd-button-69f62ea01bbf3.dfd-button-module-wrap .dfd-button-module .dfd-button-link .dfd-button-inner-cover .dfd-button-text-hover {background: #19a4c6;border-style:solid;border-width:1px;border-radius:0px;border-color:#ffffff;}#dfd-button-69f62ea01bbf3.dfd-button-module-wrap .dfd-button-module.style_3 .dfd-button-link:hover .dfd-button-inner-cover:before,#dfd-button-69f62ea01bbf3.dfd-button-module-wrap .dfd-button-module.style_4 .dfd-button-link:hover .dfd-button-inner-cover:before,.dfd-button-69f62ea01bbf3.dfd-button-module-wrap .dfd-button-module.style_3 .dfd-button-link:hover .dfd-button-inner-cover:before,.dfd-button-69f62ea01bbf3.dfd-button-module-wrap .dfd-button-module.style_4 .dfd-button-link:hover .dfd-button-inner-cover:before {border-style:solid;border-width:1px;border-radius:0px;border-color:#ffffff;}#dfd-button-69f62ea01bbf3.dfd-button-module-wrap .dfd-button-module .dfd-button-link .dfd-button-inner-cover .dfd-button-text-main i,.dfd-button-69f62ea01bbf3.dfd-button-module-wrap .dfd-button-module .dfd-button-link .dfd-button-inner-cover .dfd-button-text-main i {color: #297d8e;}<\/style>\")\r\n\t\t\t\t\t\t\t\t\t})(jQuery);\r\n\t\t\t\t\t\t\t\t<\/script><\/div><div class=\"dfd-spacer-module\"  data-units=\"px\" data-wide_resolution=\"1280\" data-wide_size=\"0\" data-normal_resolution=\"1024\" data-normal_size=\"0\" data-tablet_resolution=\"800\" data-tablet_size=\"0\" data-mobile_resolution=\"480\" data-mobile_size=\"40\" style=\"height: 0px;\"><\/div>[\/vc_column_inner][\/vc_row_inner][\/vc_column][\/vc_row]<\/p>\n<\/div>","protected":false},"excerpt":{"rendered":"<p>&nbsp; [vc_row dfd_row_config=&#8221;full_width_content_paddings&#8221; dfd_row_responsive_enable=&#8221;dfd-row-responsive-enable&#8221; dfd_bg_style=&#8221;image&#8221; dfd_parallax_style=&#8221;dfd_animated_bg&#8221; dfd_bg_image_new=&#8221;152&#8243; dfd_bg_image_size=&#8221;initial&#8221; dfd_parallax_sense=&#8221;50&#8243; dfd_enable_overlay=&#8221;&#8221; css=&#8221;.vc_custom_1506995163520{padding-right: 8% !important;padding-left: 8% !important;background-position: 0 0 !important;background-image: url(https:\/\/softflow.ca\/wp-content\/uploads\/2022\/06\/abstract-technology-white-gray-color-modern-background_41981-1010.jpg) !important;}&#8221;][vc_column el_class=&#8221;dfd_col-tablet-12&#8243; offset=&#8221;vc_col-lg-12 vc_col-md-12 vc_col-xs-12&#8243;][vc_column_text] Infog\u00e9rance Montr\u00e9al-Laval-Qu\u00e9bec &nbsp; Qu&#8217;est-ce que ERP<\/p>\n","protected":false},"author":3,"featured_media":598,"parent":938,"menu_order":7,"comment_status":"closed","ping_status":"closed","template":"page-custom-with-header.php","meta":{"_acf_changed":false,"nf_dc_page":"","_monsterinsights_skip_tracking":false,"_monsterinsights_sitenote_active":false,"_monsterinsights_sitenote_note":"","_monsterinsights_sitenote_category":0,"footnotes":""},"class_list":["post-930","page","type-page","status-publish","has-post-thumbnail","hentry"],"acf":[],"_links":{"self":[{"href":"https:\/\/softflow.ca\/fr\/wp-json\/wp\/v2\/pages\/930","targetHints":{"allow":["GET"]}}],"collection":[{"href":"https:\/\/softflow.ca\/fr\/wp-json\/wp\/v2\/pages"}],"about":[{"href":"https:\/\/softflow.ca\/fr\/wp-json\/wp\/v2\/types\/page"}],"author":[{"embeddable":true,"href":"https:\/\/softflow.ca\/fr\/wp-json\/wp\/v2\/users\/3"}],"replies":[{"embeddable":true,"href":"https:\/\/softflow.ca\/fr\/wp-json\/wp\/v2\/comments?post=930"}],"version-history":[{"count":23,"href":"https:\/\/softflow.ca\/fr\/wp-json\/wp\/v2\/pages\/930\/revisions"}],"predecessor-version":[{"id":3973,"href":"https:\/\/softflow.ca\/fr\/wp-json\/wp\/v2\/pages\/930\/revisions\/3973"}],"up":[{"embeddable":true,"href":"https:\/\/softflow.ca\/fr\/wp-json\/wp\/v2\/pages\/938"}],"wp:featuredmedia":[{"embeddable":true,"href":"https:\/\/softflow.ca\/fr\/wp-json\/wp\/v2\/media\/598"}],"wp:attachment":[{"href":"https:\/\/softflow.ca\/fr\/wp-json\/wp\/v2\/media?parent=930"}],"curies":[{"name":"wp","href":"https:\/\/api.w.org\/{rel}","templated":true}]}}