{"id":4229,"date":"2022-12-29T00:12:52","date_gmt":"2022-12-29T05:12:52","guid":{"rendered":"https:\/\/softflow.ca\/?page_id=4229"},"modified":"2023-03-20T03:37:38","modified_gmt":"2023-03-20T07:37:38","slug":"infogerance-montreal","status":"publish","type":"page","link":"https:\/\/softflow.ca\/fr\/infogerance-montreal\/","title":{"rendered":"INFOG\u00c9RANCE \/ H\u00c9BERGEMENT CLOUD"},"content":{"rendered":"<div class=\"wpb-content-wrapper\"><p>&nbsp;<\/p>\n<p><img decoding=\"async\" loading=\"lazy\" class=\"aligncenter size-full wp-image-3741\" src=\"https:\/\/softflow.ca\/wp-content\/uploads\/2022\/08\/11c347_e374bd0b001344178df52eec5d51fe11_mv2.gif\" alt=\"\" width=\"1780\" height=\"373\" \/><\/p>\n<p><img decoding=\"async\" loading=\"lazy\" class=\"size-full wp-image-4233\" src=\"https:\/\/softflow.ca\/wp-content\/uploads\/2022\/12\/Hebergement_cloud_softflow.jpg\" alt=\"\" width=\"1780\" height=\"350\" \/><\/p>\n<p>[vc_row dfd_row_config=&#8221;full_width_content_paddings&#8221; dfd_row_responsive_enable=&#8221;dfd-row-responsive-enable&#8221; dfd_bg_style=&#8221;image&#8221; dfd_parallax_style=&#8221;dfd_animated_bg&#8221; dfd_bg_image_new=&#8221;152&#8243; dfd_bg_image_size=&#8221;initial&#8221; dfd_parallax_sense=&#8221;50&#8243; dfd_enable_overlay=&#8221;&#8221; css=&#8221;.vc_custom_1506995163520{padding-right: 8% !important;padding-left: 8% !important;background-position: 0 0 !important;background-image: url(https:\/\/softflow.ca\/wp-content\/uploads\/2022\/06\/abstract-technology-white-gray-color-modern-background_41981-1010.jpg) !important;}&#8221;][vc_column el_class=&#8221;dfd_col-tablet-12&#8243; offset=&#8221;vc_col-lg-12 vc_col-md-12 vc_col-xs-12&#8243;]<div class=\"dfd-spacer-module\"  data-units=\"px\" data-wide_resolution=\"1280\" data-wide_size=\"75\" data-normal_resolution=\"1024\" data-normal_size=\"75\" data-tablet_resolution=\"800\" data-tablet_size=\"70\" data-mobile_resolution=\"480\" data-mobile_size=\"70\" style=\"height: 75px;\"><\/div>[vc_column_text]<\/p>\n<h1 style=\"text-align: center;\">Infog\u00e9rance <span style=\"color: #19a4c6;\">Montr\u00e9al<\/span><\/h1>\n<h1 style=\"text-align: center;\"><span style=\"color: #19a4c6;\"><img decoding=\"async\" loading=\"lazy\" class=\"wp-image-4004 alignnone\" src=\"https:\/\/softflow.ca\/wp-content\/uploads\/2022\/11\/softflowweb-1.png\" alt=\"\" width=\"316\" height=\"42\" \/><\/span><\/h1>\n<p>&nbsp;<\/p>\n<h2 style=\"text-align: center;\"><span style=\"color: #19a4c6;\">\u00a0<\/span>H\u00e9bergement en <span style=\"color: #19a4c6;\">Nuage<\/span><\/h2>\n<h2 style=\"text-align: center;\"><span style=\"color: #19a4c6;\"><img decoding=\"async\" loading=\"lazy\" class=\"aligncenter size-full wp-image-4192\" src=\"https:\/\/softflow.ca\/wp-content\/uploads\/2022\/12\/546dbf_b5683e5949934156a36a637cbc2d7dc3_mv2.gif\" alt=\"\" width=\"489\" height=\"128\" \/><\/span><\/h2>\n<h2 style=\"text-align: center;\"><span style=\"color: #19a4c6;\">Infrastructure <\/span>de Haute <span style=\"color: #19a4c6;\">S\u00e9curit\u00e9 :<\/span><\/h2>\n<h4 style=\"text-align: center;\"><strong><img decoding=\"async\" loading=\"lazy\" class=\"aligncenter size-full wp-image-4129\" src=\"https:\/\/softflow.ca\/wp-content\/uploads\/2022\/12\/server_protection_IT-removebg-preview.png\" alt=\"\" width=\"482\" height=\"517\" srcset=\"https:\/\/softflow.ca\/wp-content\/uploads\/2022\/12\/server_protection_IT-removebg-preview.png 482w, https:\/\/softflow.ca\/wp-content\/uploads\/2022\/12\/server_protection_IT-removebg-preview-280x300.png 280w\" sizes=\"auto, (max-width: 482px) 100vw, 482px\" \/>Le service d&#8217;<span style=\"color: #19a4c6;\">infog\u00e9rance <\/span>sur le <span style=\"color: #19a4c6;\">Cloud <\/span>SOFTFLOW comprend :<\/strong><\/h4>\n<p>&nbsp;<\/p>\n<p style=\"text-align: center;\"><strong>\ud83d\udd0eInstallation de nouveaux syst\u00e8mes \/ p\u00e9riph\u00e9riques<\/strong><\/p>\n<p style=\"text-align: center;\"><strong>\ud83d\udd0eLogiciel de surveillance install\u00e9 sur tous les postes de travail<\/strong><\/p>\n<p style=\"text-align: center;\"><strong>\ud83d\udd0eSurveillance du r\u00e9seau \u2013 Analyse de s\u00e9curit\u00e9 quotidienne<\/strong><\/p>\n<p style=\"text-align: center;\"><strong>\ud83d\udd0eSurveillance Microsoft Cloud \u2013 D\u00e9tection et Surveillance Office 365<\/strong><\/p>\n<p style=\"text-align: center;\"><strong>\ud83d\udd0eSurveillance Microsoft Azure, Teams, Sharepoint, Onedrive<\/strong><\/p>\n<p style=\"text-align: center;\"><strong>\ud83d\udd0eSupport de bureau et configuration de base<\/strong><\/p>\n<p style=\"text-align: center;\"><strong>\ud83d\udd0eD\u00e9bogage du mat\u00e9riel.<\/strong><\/p>\n<p style=\"text-align: center;\"><strong>\ud83d\udd0eD\u00e9bogage du logiciel d&#8217;application.<\/strong><\/p>\n<p style=\"text-align: center;\"><strong>\ud83d\udd0eD\u00e9bogage des \u00e9l\u00e9ments de r\u00e9seau et des c\u00e2bles.<\/strong><\/p>\n<p style=\"text-align: center;\"><strong>\ud83d\udd0eMaintenance des utilisateurs du r\u00e9seau.<\/strong><\/p>\n<p style=\"text-align: center;\"><strong>\ud83d\udd0eServices de c\u00e2blage, de commutateurs et de panneaux de brassage.<\/strong><\/p>\n<p style=\"text-align: center;\"><strong>\ud83d\udd0eSurveillance de l\u2019imprimante.<\/strong><\/p>\n<p style=\"text-align: center;\"><strong>\ud83d\udd0eSurveillance de la connectivit\u00e9 Internet.<\/strong><\/p>\n<p style=\"text-align: center;\"><strong>\ud83d\udd0ePr\u00e9vention, d\u00e9tection et nettoyage de virus \/ spam (au niveau du bureau)<\/strong><\/p>\n<p style=\"text-align: center;\"><strong>\ud83d\udd0eCouverture des services sp\u00e9cialistes r\u00e9seaux<\/strong><\/p>\n<p style=\"text-align: center;\"><strong>\ud83d\udd0eConfiguration avanc\u00e9e des serveurs<\/strong><\/p>\n<p style=\"text-align: center;\"><strong>\ud83d\udd0eService d&#8217;acc\u00e8s \u00e0 distance au serveur<\/strong><\/p>\n<p style=\"text-align: center;\"><strong>\ud83d\udd0ePrise en charge physique ou virtuelle du serveur<\/strong><\/p>\n<p style=\"text-align: center;\"><strong>\ud83d\udd0eService d&#8217;h\u00e9bergement et de serveur<\/strong><\/p>\n<p style=\"text-align: center;\"><strong>\ud83d\udd0eV\u00e9rification de sauvegarde<\/strong><\/p>\n<p style=\"text-align: center;\"><strong>\ud83d\udd0eMises \u00e0 jour de s\u00e9curit\u00e9 Windows<\/strong><\/p>\n<p style=\"text-align: center;\"><strong>\ud83d\udd0eSurveillance de la s\u00e9curit\u00e9 et mesures proactives requises<\/strong><\/p>\n<p style=\"text-align: center;\"><strong>\ud83d\udd0eRestaurer la v\u00e9rification<\/strong><\/p>\n<p style=\"text-align: center;\"><strong>\ud83d\udd0eRed\u00e9marrage p\u00e9riodique du serveur (si n\u00e9cessaire)<\/strong><\/p>\n<p style=\"text-align: center;\"><strong>\ud83d\udd0eAntivirus g\u00e9r\u00e9<\/strong><\/p>\n<p style=\"text-align: center;\"><strong>\ud83d\udd0eSurveillance de la performance du r\u00e9seau<\/strong><\/p>\n<p style=\"text-align: center;\"><strong>\ud83d\udd0eInstallation, r\u00e9installation et configuration des syst\u00e8mes d&#8217;exploitation r\u00e9seau.<\/strong><\/p>\n<p style=\"text-align: center;\"><strong>\ud83d\udd0eInstallation, r\u00e9installation et configuration des applications client \/ serveur.<\/strong><\/p>\n<p style=\"text-align: center;\"><strong>\ud83d\udd0eInstallation de nouveaux serveurs \/ p\u00e9riph\u00e9riques.<\/strong><\/p>\n<p style=\"text-align: center;\"><strong>\ud83d\udd0eD\u00e9bogage des composants du serveur du mat\u00e9riel et des logiciels.<\/strong><\/p>\n<p style=\"text-align: center;\"><strong>\ud83d\udd0eD\u00e9bogage avanc\u00e9 des \u00e9l\u00e9ments de r\u00e9seau et des c\u00e2bles.<\/strong><\/p>\n<p style=\"text-align: center;\"><strong>\ud83d\udd0ePr\u00e9vention, d\u00e9tection et nettoyage des virus \/ spams (niveau serveur).<\/strong><\/p>\n<p>&nbsp;<\/p>\n<p>&nbsp;<\/p>\n<blockquote>\n<h4 style=\"text-align: center;\">Stockez vos\u00a0<em>donn\u00e9es<\/em> en toute s\u00e9curit\u00e9 dans nos 3 <em>centres de donn\u00e9es<\/em> s\u00e9curitaires, fiables et performants.<\/h4>\n<\/blockquote>\n<p><a href=\"tel:5148580541\"><img decoding=\"async\" loading=\"lazy\" class=\"aligncenter wp-image-3442\" src=\"https:\/\/softflow.ca\/wp-content\/uploads\/2022\/07\/hhhll.gif\" alt=\"\" width=\"196\" height=\"196\" \/><\/a><\/p>\n<p>&nbsp;<\/p>\n<h1 style=\"text-align: center;\">H\u00e9bergement <span style=\"color: #19a4c6;\">Cloud<\/span> Montr\u00e9al<\/h1>\n<p>&nbsp;<\/p>\n<ul>\n<li style=\"font-size: 18px;\">L&#8217;h\u00e9bergement cloud est une excellente solution pour les entreprises car il est hyperfonctionnel et \u00e9conomique. SoftFlow peut vous aider \u00e0 migrer facilement vers l&#8217;h\u00e9bergement cloud.<\/li>\n<\/ul>\n<p>&nbsp;<\/p>\n<ul>\n<li style=\"font-size: 18px;\">Nous avons des comp\u00e9tences particuli\u00e8res qui font de nous des candidats parfaits pour vous aider \u00e0 externaliser vos serveurs informatiques vers un fournisseur d&#8217;h\u00e9bergement cloud comme SoftFlow.<\/li>\n<\/ul>\n<p>&nbsp;<\/p>\n<p style=\"font-size: 16px;\"><img decoding=\"async\" loading=\"lazy\" class=\"aligncenter size-full wp-image-3826\" src=\"https:\/\/softflow.ca\/wp-content\/uploads\/2022\/09\/cloudser-700x564-2.png\" alt=\"\" width=\"700\" height=\"56\u00a04\" srcset=\"https:\/\/softflow.ca\/wp-content\/uploads\/2022\/09\/cloudser-700x564-2.png 700w, https:\/\/softflow.ca\/wp-content\/uploads\/2022\/09\/cloudser-700x564-2-300x242.png 300w\" sizes=\"auto, (max-width: 700px) 100vw, 700px\" \/><\/p>\n<p>&nbsp;<\/p>\n<p>&nbsp;<\/p>\n<p><img decoding=\"async\" loading=\"lazy\" class=\"size-full wp-image-4272 alignright\" src=\"https:\/\/softflow.ca\/wp-content\/uploads\/2022\/12\/Cloud-Hebergement-Nuage.gif\" alt=\"\" width=\"360\" height=\"420\" \/><\/p>\n<p>&nbsp;<\/p>\n<ul>\n<li style=\"font-size: 18px;\">Certaines entreprises utilisent des VPN (r\u00e9seaux priv\u00e9s virtuels) pour garder leurs communications priv\u00e9es. Ces r\u00e9seaux ont g\u00e9n\u00e9ralement des normes et des approbations qui les rendent fiables et dignes de confiance.<\/li>\n<\/ul>\n<p>&nbsp;<\/p>\n<ul>\n<li style=\"font-size: 18px;\">SoftFlow Cloud est parfait pour les petites et moyennes entreprises. C&#8217;est rapide, facile \u00e0 utiliser et notre \u00e9quipe peut vous aider \u00e0 en tirer le meilleur parti. De plus, nous avons une solution compl\u00e8te et cl\u00e9 en main rien que pour vous.<\/li>\n<\/ul>\n<p>&nbsp;<\/p>\n<p>&nbsp;<\/p>\n<p>&nbsp;<\/p>\n<p style=\"font-size: 18px;\"><img decoding=\"async\" loading=\"lazy\" class=\"size-full wp-image-2680 alignleft\" src=\"https:\/\/softflow.ca\/wp-content\/uploads\/2022\/06\/cloud-qatar.gif\" alt=\"\" width=\"420\" height=\"420\" \/><\/p>\n<p>&nbsp;<\/p>\n<p>&nbsp;<\/p>\n<p>&nbsp;<\/p>\n<ul>\n<li>Un expert aide \u00e0 assurer le bon fonctionnement de vos serveurs en les auditant et en s&#8217;assurant qu&#8217;ils sont optimis\u00e9s pour le cloud, et il peut vous aider \u00e0 migrer votre infrastructure vers le cloud.<\/li>\n<\/ul>\n<p>&nbsp;<\/p>\n<ul>\n<li style=\"font-size: 18px;\">Vous pouvez \u00eatre s\u00fbr que vos donn\u00e9es sont toujours en s\u00e9curit\u00e9, gr\u00e2ce \u00e0 notre taux de disponibilit\u00e9 de 99,99 %. Et si jamais vous avez besoin d&#8217;augmenter vos ressources, nous avons une solution flexible et fiable \u00e0 un prix abordable.<\/li>\n<\/ul>\n<p>&nbsp;<\/p>\n<p>&nbsp;<\/p>\n<p>&nbsp;<\/p>\n<blockquote>\n<h4 style=\"text-align: center;\"><\/h4>\n<\/blockquote>\n<p>&nbsp;<\/p>\n<p><a href=\"tel:5148580541\"><img decoding=\"async\" loading=\"lazy\" class=\"aligncenter wp-image-3442\" src=\"https:\/\/softflow.ca\/wp-content\/uploads\/2022\/07\/hhhll.gif\" alt=\"\" width=\"196\" height=\"196\" \/><\/a><\/p>\n<p>&nbsp;<\/p>\n<h5 style=\"text-align: center;\"><em><strong>&#8220;Notre solution de sauvegarde sur le Cloud SOFTFLOW vous aide \u00e0 r\u00e9cup\u00e9rer vos donn\u00e9es \u00e0 court terme et \u00e0 archiver les donn\u00e9es rarement utilis\u00e9es afin qu&#8217;elles ne soient pas perdues si elles ne sont pas r\u00e9utilis\u00e9es.&#8221;<\/strong><\/em><\/h5>\n<p><img decoding=\"async\" loading=\"lazy\" class=\"aligncenter\" src=\"https:\/\/softflow.ca\/wp-content\/uploads\/2022\/08\/inbound-sales-assessment-landing-page-2.gif\" width=\"337\" height=\"460\" \/><\/p>\n<p>[\/vc_column_text]<div class=\"dfd-spacer-module\"  data-units=\"px\" data-wide_resolution=\"1280\" data-wide_size=\"75\" data-normal_resolution=\"1024\" data-normal_size=\"75\" data-tablet_resolution=\"800\" data-tablet_size=\"70\" data-mobile_resolution=\"480\" data-mobile_size=\"70\" style=\"height: 75px;\"><\/div>[\/vc_column][\/vc_row][vc_row force_equal_height_columns=&#8221;main_row&#8221; dfd_row_config=&#8221;full_width_content&#8221; bg_check=&#8221;row-background-dark&#8221; css=&#8221;.vc_custom_1513910512147{background-color: #2ea2cc !important;}&#8221; mobile_destroy_equal_heights=&#8221;yes&#8221;][vc_column width=&#8221;1\/2&#8243; dfd_column_responsive_enable=&#8221;dfd-column-responsive-enable&#8221; css=&#8221;.vc_custom_1505221114759{padding-right: 6% !important;padding-left: 6% !important;}&#8221; el_class=&#8221;dfd_col-tablet-8&#8243; offset=&#8221;vc_col-lg-6 vc_col-md-6 vc_col-xs-12&#8243; responsive_styles=&#8221;padding_left_mobile:20|padding_right_mobile:20&#8243;]<div class=\"dfd-spacer-module\"  data-units=\"px\" data-wide_resolution=\"1280\" data-wide_size=\"60\" data-normal_resolution=\"1024\" data-normal_size=\"60\" data-tablet_resolution=\"800\" data-tablet_size=\"50\" data-mobile_resolution=\"480\" data-mobile_size=\"40\" style=\"height: 60px;\"><\/div><div class=\"dfd-heading-shortcode\"><div class=\"dfd-heading-module-wrap  text-left style_01 dfd-heading-69e919e47ccc7 dfd-disable-resposive-headings\" id=\"dfd-heading-69e919e47ccc7\" ><div class=\"inline-block\"><div class=\"dfd-heading-module\"><h5 class=\"widget-title dfd-title \" style=\"font-size: 35px; line-height: 40px; font-weight:bold; \"><strong>CONSULTATION INFORMATIQUE GRATUITE!<\/strong><\/h5><\/div><\/div><\/div><script type=\"text\/javascript\">\r\n\t\t\t\t\t\t\t\t\t(function($) {\r\n\t\t\t\t\t\t\t\t\t\t$(\"head\").append(\"<style>.dfd-heading-69e919e47ccc7.dfd-heading-module-wrap .dfd-heading-module .dfd-heading-delimiter {margin-top:10px;margin-bottom:10px;}@media (max-width: 799px){.dfd-heading-69e919e47ccc7 .dfd-title{font-size: 34px !important;}}<\/style>\");\r\n\t\t\t\t\t\t\t\t\t})(jQuery);\r\n\t\t\t\t\t\t\t\t<\/script><\/div><div class=\"dfd-spacer-module\"  data-units=\"px\" data-wide_resolution=\"1280\" data-wide_size=\"55\" data-normal_resolution=\"1024\" data-normal_size=\"55\" data-tablet_resolution=\"800\" data-tablet_size=\"40\" data-mobile_resolution=\"480\" data-mobile_size=\"40\" style=\"height: 55px;\"><\/div>[\/vc_column][vc_column width=&#8221;1\/2&#8243; dfd_column_responsive_enable=&#8221;dfd-column-responsive-enable&#8221; el_class=&#8221;dfd_col-tablet-4&#8243; offset=&#8221;vc_col-lg-6 vc_col-md-6 vc_col-xs-12&#8243; responsive_styles=&#8221;padding_left_mobile:20|padding_right_mobile:20&#8243;][vc_row_inner][vc_column_inner]<div id=\"dfd-button-69e919e47ce6f\" class=\"dfd-button-module-wrap dfd-button-69e919e47ce6f\"><div class=\"dfd-button-module  style_1 text-center dfd-horizontal dfd-top-to-bottom dfd-button-icon-right dfd-button-icon-hover-simple\" ><a href=\"tel:5148580541\" class=\"dfd-button-link\"><span class=\"dfd-button-inner-cover\"><span class=\"dfd-button-text-main\"><strong>\u2706 APPELEZ-NOUS 514-858-0541<\/strong> <i class=\"typcn typcn-device-desktop\"><\/i><\/span><\/span><\/a><\/div><script type=\"text\/javascript\">\r\n\t\t\t\t\t\t\t\t\t(function($) {$(\"head\").append(\"<style>#dfd-button-69e919e47ce6f.dfd-button-module-wrap .dfd-button-module .dfd-button-link .dfd-button-inner-cover span i, .dfd-button-69e919e47ce6f.dfd-button-module-wrap .dfd-button-module .dfd-button-link .dfd-button-inner-cover span i {font-size: 22px;}#dfd-button-69e919e47ce6f.dfd-button-module-wrap .dfd-button-module .dfd-button-link .dfd-button-inner-cover .dfd-button-text-main, .dfd-button-69e919e47ce6f.dfd-button-module-wrap .dfd-button-module .dfd-button-link .dfd-button-inner-cover .dfd-button-text-main, .dfd-button-69e919e47ce6f.dfd-button-module-wrap .dfd-button-module .dfd-button-link .dfd-button-inner-cover .dfd-button-text-hover, #dfd-button-69e919e47ce6f.dfd-button-module-wrap .dfd-button-module .dfd-button-link .dfd-button-inner-cover .dfd-button-text-hover {padding-left: 30px;}#dfd-button-69e919e47ce6f.dfd-button-module-wrap .dfd-button-module .dfd-button-link .dfd-button-inner-cover .dfd-button-text-main, .dfd-button-69e919e47ce6f.dfd-button-module-wrap .dfd-button-module .dfd-button-link .dfd-button-inner-cover .dfd-button-text-main, .dfd-button-69e919e47ce6f.dfd-button-module-wrap .dfd-button-module .dfd-button-link .dfd-button-inner-cover .dfd-button-text-hover, #dfd-button-69e919e47ce6f.dfd-button-module-wrap .dfd-button-module .dfd-button-link .dfd-button-inner-cover .dfd-button-text-hover {padding-right: 65px;}#dfd-button-69e919e47ce6f.dfd-button-module-wrap .dfd-button-module .dfd-button-link .dfd-button-inner-cover .dfd-button-text-main, .dfd-button-69e919e47ce6f.dfd-button-module-wrap .dfd-button-module .dfd-button-link .dfd-button-inner-cover .dfd-button-text-main, .dfd-button-69e919e47ce6f.dfd-button-module-wrap .dfd-button-module .dfd-button-link .dfd-button-inner-cover .dfd-button-text-hover, #dfd-button-69e919e47ce6f.dfd-button-module-wrap .dfd-button-module .dfd-button-link .dfd-button-inner-cover .dfd-button-text-hover {line-height: 45px; }#dfd-button-69e919e47ce6f.dfd-button-module-wrap .dfd-button-module .dfd-button-link .dfd-button-inner-cover .dfd-button-text-main,.dfd-button-69e919e47ce6f.dfd-button-module-wrap .dfd-button-module .dfd-button-link .dfd-button-inner-cover .dfd-button-text-main {color: #19a4c6}#dfd-button-69e919e47ce6f.dfd-button-module-wrap .dfd-button-module .dfd-button-link .dfd-button-inner-cover,.dfd-button-69e919e47ce6f.dfd-button-module-wrap .dfd-button-module .dfd-button-link .dfd-button-border-decoration,.dfd-button-69e919e47ce6f.dfd-button-module-wrap .dfd-button-module .dfd-button-link .dfd-button-inner-cover {border-radius:0px;}#dfd-button-69e919e47ce6f.dfd-button-module-wrap .dfd-button-module:not(.style_4) .dfd-button-link .dfd-button-inner-cover:before,#dfd-button-69e919e47ce6f.dfd-button-module-wrap .dfd-button-module.style_4 .dfd-button-link .dfd-button-inner-cover:after,#dfd-button-69e919e47ce6f.dfd-button-module-wrap .dfd-button-module.style_6 .dfd-button-link .dfd-button-inner-cover .dfd-button-text-main,.dfd-button-69e919e47ce6f.dfd-button-module-wrap .dfd-button-module:not(.style_4) .dfd-button-link .dfd-button-inner-cover:before,.dfd-button-69e919e47ce6f.dfd-button-module-wrap .dfd-button-module.style_4 .dfd-button-link .dfd-button-inner-cover:after,.dfd-button-69e919e47ce6f.dfd-button-module-wrap .dfd-button-module.style_6 .dfd-button-link .dfd-button-inner-cover .dfd-button-text-main {background: #ffffff;border-style:solid;border-width:1px;border-radius:0px;border-color:rgba(255,255,255,0.3);}#dfd-button-69e919e47ce6f.dfd-button-module-wrap .dfd-button-module:not(.style_6) .dfd-button-link:hover .dfd-button-inner-cover .dfd-button-text-main,#dfd-button-69e919e47ce6f.dfd-button-module-wrap .dfd-button-module .dfd-button-link .dfd-button-inner-cover .dfd-button-text-hover,.dfd-button-69e919e47ce6f.dfd-button-module-wrap .dfd-button-module:not(.style_6) .dfd-button-link:hover .dfd-button-inner-cover .dfd-button-text-main,.dfd-button-69e919e47ce6f.dfd-button-module-wrap .dfd-button-module .dfd-button-link .dfd-button-inner-cover .dfd-button-text-hover {color: #ffffff;}#dfd-button-69e919e47ce6f.dfd-button-module-wrap .dfd-button-module .dfd-button-link:hover .dfd-button-inner-cover,.dfd-button-69e919e47ce6f.dfd-button-module-wrap .dfd-button-module .dfd-button-link:hover .dfd-button-border-decoration,.dfd-button-69e919e47ce6f.dfd-button-module-wrap .dfd-button-module .dfd-button-link:hover .dfd-button-inner-cover {border-radius:0px;}#dfd-button-69e919e47ce6f.dfd-button-module-wrap .dfd-button-module:not(.style_4) .dfd-button-link .dfd-button-inner-cover:after,#dfd-button-69e919e47ce6f.dfd-button-module-wrap .dfd-button-module.style_4 .dfd-button-link .dfd-button-inner-cover:before,#dfd-button-69e919e47ce6f.dfd-button-module-wrap .dfd-button-module .dfd-button-link .dfd-button-inner-cover .dfd-button-text-hover .dfd-button-69e919e47ce6f.dfd-button-module-wrap .dfd-button-module:not(.style_4) .dfd-button-link .dfd-button-inner-cover:after,.dfd-button-69e919e47ce6f.dfd-button-module-wrap .dfd-button-module.style_4 .dfd-button-link .dfd-button-inner-cover:before,.dfd-button-69e919e47ce6f.dfd-button-module-wrap .dfd-button-module .dfd-button-link .dfd-button-inner-cover .dfd-button-text-hover {background: #19a4c6;border-style:solid;border-width:1px;border-radius:0px;border-color:#ffffff;}#dfd-button-69e919e47ce6f.dfd-button-module-wrap .dfd-button-module.style_3 .dfd-button-link:hover .dfd-button-inner-cover:before,#dfd-button-69e919e47ce6f.dfd-button-module-wrap .dfd-button-module.style_4 .dfd-button-link:hover .dfd-button-inner-cover:before,.dfd-button-69e919e47ce6f.dfd-button-module-wrap .dfd-button-module.style_3 .dfd-button-link:hover .dfd-button-inner-cover:before,.dfd-button-69e919e47ce6f.dfd-button-module-wrap .dfd-button-module.style_4 .dfd-button-link:hover .dfd-button-inner-cover:before {border-style:solid;border-width:1px;border-radius:0px;border-color:#ffffff;}#dfd-button-69e919e47ce6f.dfd-button-module-wrap .dfd-button-module .dfd-button-link .dfd-button-inner-cover .dfd-button-text-main i,.dfd-button-69e919e47ce6f.dfd-button-module-wrap .dfd-button-module .dfd-button-link .dfd-button-inner-cover .dfd-button-text-main i {color: #297d8e;}<\/style>\")\r\n\t\t\t\t\t\t\t\t\t})(jQuery);\r\n\t\t\t\t\t\t\t\t<\/script><\/div><div class=\"dfd-spacer-module\"  data-units=\"px\" data-wide_resolution=\"1280\" data-wide_size=\"0\" data-normal_resolution=\"1024\" data-normal_size=\"0\" data-tablet_resolution=\"800\" data-tablet_size=\"0\" data-mobile_resolution=\"480\" data-mobile_size=\"40\" style=\"height: 0px;\"><\/div>[\/vc_column_inner][\/vc_row_inner][\/vc_column][\/vc_row]<br \/>\n<iframe loading=\"lazy\" style=\"border: 0;\" src=\"https:\/\/www.google.com\/maps\/embed?pb=!1m18!1m12!1m3!1d2797.253675146376!2d-73.70916048444194!3d45.48483617910107!2m3!1f0!2f0!3f0!3m2!1i1024!2i768!4f13.1!3m3!1m2!1s0x0%3A0xc1af54015cdd450c!2s%F0%9F%92%BB%20Service%20Informatique%20Montreal%2024H%20IT%20Support%20Cybers%C3%A9curit%C3%A9%20SOFTFLOW%20Cybersecurity%20Managed%20IT%20Services!5e0!3m2!1sen!2sca!4v1645497551035!5m2!1sen!2sca\" width=\"2100\" height=\"600\" allowfullscreen=\"allowfullscreen\"><span data-mce-type=\"bookmark\" style=\"display: inline-block; width: 0px; overflow: hidden; line-height: 0;\" class=\"mce_SELRES_start\">\ufeff<\/span><span data-mce-type=\"bookmark\" style=\"display: inline-block; width: 0px; overflow: hidden; line-height: 0;\" class=\"mce_SELRES_start\">\ufeff<\/span><\/iframe><\/p>\n<\/div>","protected":false},"excerpt":{"rendered":"<p>&nbsp; [vc_row dfd_row_config=&#8221;full_width_content_paddings&#8221; dfd_row_responsive_enable=&#8221;dfd-row-responsive-enable&#8221; dfd_bg_style=&#8221;image&#8221; dfd_parallax_style=&#8221;dfd_animated_bg&#8221; dfd_bg_image_new=&#8221;152&#8243; dfd_bg_image_size=&#8221;initial&#8221; dfd_parallax_sense=&#8221;50&#8243; dfd_enable_overlay=&#8221;&#8221; css=&#8221;.vc_custom_1506995163520{padding-right: 8% !important;padding-left: 8% !important;background-position: 0 0 !important;background-image: url(https:\/\/softflow.ca\/wp-content\/uploads\/2022\/06\/abstract-technology-white-gray-color-modern-background_41981-1010.jpg) !important;}&#8221;][vc_column el_class=&#8221;dfd_col-tablet-12&#8243; offset=&#8221;vc_col-lg-12 vc_col-md-12 vc_col-xs-12&#8243;][vc_column_text] Infog\u00e9rance Montr\u00e9al &nbsp; \u00a0H\u00e9bergement en Nuage<\/p>\n","protected":false},"author":3,"featured_media":0,"parent":0,"menu_order":0,"comment_status":"closed","ping_status":"closed","template":"page-custom.php","meta":{"_acf_changed":false,"nf_dc_page":"","_monsterinsights_skip_tracking":false,"_monsterinsights_sitenote_active":false,"_monsterinsights_sitenote_note":"","_monsterinsights_sitenote_category":0,"footnotes":""},"class_list":["post-4229","page","type-page","status-publish","hentry"],"acf":[],"_links":{"self":[{"href":"https:\/\/softflow.ca\/fr\/wp-json\/wp\/v2\/pages\/4229","targetHints":{"allow":["GET"]}}],"collection":[{"href":"https:\/\/softflow.ca\/fr\/wp-json\/wp\/v2\/pages"}],"about":[{"href":"https:\/\/softflow.ca\/fr\/wp-json\/wp\/v2\/types\/page"}],"author":[{"embeddable":true,"href":"https:\/\/softflow.ca\/fr\/wp-json\/wp\/v2\/users\/3"}],"replies":[{"embeddable":true,"href":"https:\/\/softflow.ca\/fr\/wp-json\/wp\/v2\/comments?post=4229"}],"version-history":[{"count":33,"href":"https:\/\/softflow.ca\/fr\/wp-json\/wp\/v2\/pages\/4229\/revisions"}],"predecessor-version":[{"id":4333,"href":"https:\/\/softflow.ca\/fr\/wp-json\/wp\/v2\/pages\/4229\/revisions\/4333"}],"wp:attachment":[{"href":"https:\/\/softflow.ca\/fr\/wp-json\/wp\/v2\/media?parent=4229"}],"curies":[{"name":"wp","href":"https:\/\/api.w.org\/{rel}","templated":true}]}}